{"id":7490,"date":"2025-01-17T12:27:21","date_gmt":"2025-01-17T10:27:21","guid":{"rendered":"https:\/\/toensfeldt-modellbau.de\/?page_id=7490"},"modified":"2025-03-08T12:51:16","modified_gmt":"2025-03-08T10:51:16","slug":"kettenverbinder","status":"publish","type":"page","link":"https:\/\/toensfeldt-modellbau.de\/?page_id=7490","title":{"rendered":"Kettenverbinder"},"content":{"rendered":"\n<figure class=\"wp-block-image size-full is-resized\"><a href=\"http:\/\/toensfeldt-modellbau.de\/wp-content\/uploads\/2025\/01\/4Kettenverbinder-2.jpg\"><img loading=\"lazy\" decoding=\"async\" width=\"567\" height=\"488\" src=\"http:\/\/toensfeldt-modellbau.de\/wp-content\/uploads\/2025\/01\/4Kettenverbinder-2.jpg\" alt=\"\" class=\"wp-image-7488\" style=\"width:670px;height:auto\" srcset=\"https:\/\/toensfeldt-modellbau.de\/wp-content\/uploads\/2025\/01\/4Kettenverbinder-2.jpg 567w, https:\/\/toensfeldt-modellbau.de\/wp-content\/uploads\/2025\/01\/4Kettenverbinder-2-300x258.jpg 300w\" sizes=\"auto, (max-width: 567px) 100vw, 567px\" \/><\/a><\/figure>\n\n\n\n<p><br><br><br>Die TMV Kettenverbinder sind aus Messing gegossen. Die Kettenverbinder werden pulverbeschichtet in den Farben rot, gelb, blau, pink so wie schwarz br\u00fcniert ausgeliefert. Es gibt sie auch noch in verzinkt.<br><br>Es sind 4 Kettenverbinder in einer T\u00fcte. Sonderfarben sind nach Absprache m\u00f6glich. Die Teile werden mit einer Schraube 6 Kant M1x8 verbunden.<\/p>\n\n\n\n<p><br>Im Orginal werden sie mit Holspliten verbunden. Das w\u00e4re dann vorbildgetreu, aber so haben die Modellbauer die M\u00f6glichkeit, die TMV Kettenverbinder selber auseianderzubauen und wieder zusammenzusetzen.<\/p>\n\n\n\n<figure class=\"wp-block-image size-full is-resized\"><a href=\"http:\/\/toensfeldt-modellbau.de\/wp-content\/uploads\/2025\/01\/Kettenverbinder-Rot.jpg\"><img loading=\"lazy\" decoding=\"async\" width=\"425\" height=\"339\" src=\"http:\/\/toensfeldt-modellbau.de\/wp-content\/uploads\/2025\/01\/Kettenverbinder-Rot.jpg\" alt=\"\" class=\"wp-image-7486\" style=\"width:670px;height:auto\" srcset=\"https:\/\/toensfeldt-modellbau.de\/wp-content\/uploads\/2025\/01\/Kettenverbinder-Rot.jpg 425w, https:\/\/toensfeldt-modellbau.de\/wp-content\/uploads\/2025\/01\/Kettenverbinder-Rot-300x239.jpg 300w\" sizes=\"auto, (max-width: 425px) 100vw, 425px\" \/><\/a><\/figure>\n\n\n\n<figure class=\"wp-block-image size-full is-resized\"><a href=\"http:\/\/toensfeldt-modellbau.de\/wp-content\/uploads\/2025\/01\/Kettenverbinder-Gelb.jpg\"><img loading=\"lazy\" decoding=\"async\" width=\"425\" height=\"349\" src=\"http:\/\/toensfeldt-modellbau.de\/wp-content\/uploads\/2025\/01\/Kettenverbinder-Gelb.jpg\" alt=\"\" class=\"wp-image-7484\" style=\"width:670px;height:auto\" srcset=\"https:\/\/toensfeldt-modellbau.de\/wp-content\/uploads\/2025\/01\/Kettenverbinder-Gelb.jpg 425w, https:\/\/toensfeldt-modellbau.de\/wp-content\/uploads\/2025\/01\/Kettenverbinder-Gelb-300x246.jpg 300w\" sizes=\"auto, (max-width: 425px) 100vw, 425px\" \/><\/a><\/figure>\n\n\n\n<figure class=\"wp-block-image size-full is-resized\"><a href=\"http:\/\/toensfeldt-modellbau.de\/wp-content\/uploads\/2025\/01\/Kettenverbinder-Blau.jpg\"><img loading=\"lazy\" decoding=\"async\" width=\"425\" height=\"283\" src=\"http:\/\/toensfeldt-modellbau.de\/wp-content\/uploads\/2025\/01\/Kettenverbinder-Blau.jpg\" alt=\"\" class=\"wp-image-7483\" style=\"width:670px;height:auto\" srcset=\"https:\/\/toensfeldt-modellbau.de\/wp-content\/uploads\/2025\/01\/Kettenverbinder-Blau.jpg 425w, https:\/\/toensfeldt-modellbau.de\/wp-content\/uploads\/2025\/01\/Kettenverbinder-Blau-300x200.jpg 300w\" sizes=\"auto, (max-width: 425px) 100vw, 425px\" \/><\/a><\/figure>\n\n\n\n<figure class=\"wp-block-image size-full is-resized\"><a href=\"http:\/\/toensfeldt-modellbau.de\/wp-content\/uploads\/2025\/01\/Kettenverbinder-Pink.jpg\"><img loading=\"lazy\" decoding=\"async\" width=\"425\" height=\"394\" src=\"http:\/\/toensfeldt-modellbau.de\/wp-content\/uploads\/2025\/01\/Kettenverbinder-Pink.jpg\" alt=\"\" class=\"wp-image-7485\" style=\"width:670px;height:auto\" srcset=\"https:\/\/toensfeldt-modellbau.de\/wp-content\/uploads\/2025\/01\/Kettenverbinder-Pink.jpg 425w, https:\/\/toensfeldt-modellbau.de\/wp-content\/uploads\/2025\/01\/Kettenverbinder-Pink-300x278.jpg 300w\" sizes=\"auto, (max-width: 425px) 100vw, 425px\" \/><\/a><\/figure>\n\n\n\n<figure class=\"wp-block-image size-large\"><a href=\"http:\/\/toensfeldt-modellbau.de\/wp-content\/uploads\/2025\/01\/Kettenverbinder-Schwarz.jpg\"><img loading=\"lazy\" decoding=\"async\" width=\"1024\" height=\"973\" src=\"http:\/\/toensfeldt-modellbau.de\/wp-content\/uploads\/2025\/01\/Kettenverbinder-Schwarz-1024x973.jpg\" alt=\"\" class=\"wp-image-7487\" srcset=\"https:\/\/toensfeldt-modellbau.de\/wp-content\/uploads\/2025\/01\/Kettenverbinder-Schwarz-1024x973.jpg 1024w, https:\/\/toensfeldt-modellbau.de\/wp-content\/uploads\/2025\/01\/Kettenverbinder-Schwarz-300x285.jpg 300w, https:\/\/toensfeldt-modellbau.de\/wp-content\/uploads\/2025\/01\/Kettenverbinder-Schwarz-768x730.jpg 768w, https:\/\/toensfeldt-modellbau.de\/wp-content\/uploads\/2025\/01\/Kettenverbinder-Schwarz-1536x1460.jpg 1536w, https:\/\/toensfeldt-modellbau.de\/wp-content\/uploads\/2025\/01\/Kettenverbinder-Schwarz.jpg 1772w\" sizes=\"auto, (max-width: 1024px) 100vw, 1024px\" \/><\/a><\/figure>\n\n\n\n<p>Art. Nr. Bestell Text:<\/p>\n\n\n\n<ul class=\"wp-block-list\">\n<li>030375 TMV Kettenverbinder Rot<\/li>\n\n\n\n<li>030376 TMV Kettenverbinder Gelb<\/li>\n\n\n\n<li>030377 TMV Kettenverbinder Blau<\/li>\n\n\n\n<li>030378 TMV Kettenverbinder Schwarz<\/li>\n\n\n\n<li>030379 TMV Kettenverbinder Verzinkt<\/li>\n\n\n\n<li>030380 TMV Kettenverbinder Pink<\/li>\n<\/ul>\n\n\n\n<p>Herstellerdaten gem\u00e4s GPSR<\/p>\n\n\n\n<p>Olaf T\u00f6nsfeldt<br>T\u00f6nsfeldt Modellbau Vertrieb<br>Nobiskr\u00fcger Allee 20<br>24768 Rendsburg<\/p>\n\n\n\n<p><strong>Deutschland<\/strong><br>Tel.: 0049 (0 ) 43 31\/ 51 95<br>E-Mail an: <a href=\"mailto:tmv@toensfeldt-modellbau.de\">tmv@toensfeldt-modellbau.de<\/a><\/p>\n","protected":false},"excerpt":{"rendered":"<p>Die TMV Kettenverbinder sind aus Messing gegossen. Die Kettenverbinder werden pulverbeschichtet in den Farben rot, gelb, blau, pink so wie schwarz br\u00fcniert ausgeliefert. Es gibt sie auch noch in verzinkt. Es sind 4 Kettenverbinder in einer T\u00fcte. Sonderfarben sind nach &hellip; <a href=\"https:\/\/toensfeldt-modellbau.de\/?page_id=7490\">Weiterlesen <span class=\"meta-nav\">&rarr;<\/span><\/a><\/p>\n","protected":false},"author":2,"featured_media":0,"parent":0,"menu_order":0,"comment_status":"closed","ping_status":"closed","template":"","meta":{"footnotes":""},"class_list":["post-7490","page","type-page","status-publish","hentry"],"_links":{"self":[{"href":"https:\/\/toensfeldt-modellbau.de\/index.php?rest_route=\/wp\/v2\/pages\/7490","targetHints":{"allow":["GET"]}}],"collection":[{"href":"https:\/\/toensfeldt-modellbau.de\/index.php?rest_route=\/wp\/v2\/pages"}],"about":[{"href":"https:\/\/toensfeldt-modellbau.de\/index.php?rest_route=\/wp\/v2\/types\/page"}],"author":[{"embeddable":true,"href":"https:\/\/toensfeldt-modellbau.de\/index.php?rest_route=\/wp\/v2\/users\/2"}],"replies":[{"embeddable":true,"href":"https:\/\/toensfeldt-modellbau.de\/index.php?rest_route=%2Fwp%2Fv2%2Fcomments&post=7490"}],"version-history":[{"count":2,"href":"https:\/\/toensfeldt-modellbau.de\/index.php?rest_route=\/wp\/v2\/pages\/7490\/revisions"}],"predecessor-version":[{"id":7633,"href":"https:\/\/toensfeldt-modellbau.de\/index.php?rest_route=\/wp\/v2\/pages\/7490\/revisions\/7633"}],"wp:attachment":[{"href":"https:\/\/toensfeldt-modellbau.de\/index.php?rest_route=%2Fwp%2Fv2%2Fmedia&parent=7490"}],"curies":[{"name":"wp","href":"https:\/\/api.w.org\/{rel}","templated":true}]}}