{"id":7771,"date":"2025-04-08T18:13:46","date_gmt":"2025-04-08T16:13:46","guid":{"rendered":"https:\/\/toensfeldt-modellbau.de\/?page_id=7771"},"modified":"2025-04-08T18:13:46","modified_gmt":"2025-04-08T16:13:46","slug":"truckmodel-114","status":"publish","type":"page","link":"https:\/\/toensfeldt-modellbau.de\/?page_id=7771","title":{"rendered":"Truckmodel 1:14"},"content":{"rendered":"\n<figure class=\"wp-block-image size-full is-resized\"><a href=\"http:\/\/toensfeldt-modellbau.de\/wp-content\/uploads\/2025\/04\/4-St.-TM-Int.jpg\"><img loading=\"lazy\" decoding=\"async\" width=\"567\" height=\"278\" src=\"http:\/\/toensfeldt-modellbau.de\/wp-content\/uploads\/2025\/04\/4-St.-TM-Int.jpg\" alt=\"\" class=\"wp-image-7770\" style=\"width:670px;height:auto\" srcset=\"https:\/\/toensfeldt-modellbau.de\/wp-content\/uploads\/2025\/04\/4-St.-TM-Int.jpg 567w, https:\/\/toensfeldt-modellbau.de\/wp-content\/uploads\/2025\/04\/4-St.-TM-Int-300x147.jpg 300w\" sizes=\"auto, (max-width: 567px) 100vw, 567px\" \/><\/a><\/figure>\n\n\n\n<p><br>TMV &amp; VTH: TRUCKmodell als kleine Ausgabe im Ma\u00dfstab 1:14 ! Dank der Unterst\u00fctzung des VTH-Verlags konnte dieses Produkt realisiert werden. Die Idee war es, den Titel und die Bilder und Texte des Mittelteils (in Ausz\u00fcgen) wiederzugeben. Also haben wir die ersten drei Ausgaben des Jahres 2025 und die vierte Ausgabe des Jahres 2023 auf den Ma\u00dfstab 1:14 zu schrumpfen. Die TMV &amp; VTH TRUCKmodell umfasst sechs Doppelseiten und den Titel. Titel und Mittelseiten sind unterschiedlich, die anderen Inhalte sind in allen vier Zeitschriften gleich. TMV &amp; der VTH-Verlag w\u00fcnschen viel Spa\u00df beim St\u00f6bern in der Mini-Zeitschrift TRUCKmodell.<\/p>\n\n\n\n<figure class=\"wp-block-image size-full is-resized\"><a href=\"http:\/\/toensfeldt-modellbau.de\/wp-content\/uploads\/2025\/04\/TM-1-25-2Int.jpg\"><img loading=\"lazy\" decoding=\"async\" width=\"425\" height=\"435\" src=\"http:\/\/toensfeldt-modellbau.de\/wp-content\/uploads\/2025\/04\/TM-1-25-2Int.jpg\" alt=\"\" class=\"wp-image-7762\" style=\"width:423px;height:auto\" srcset=\"https:\/\/toensfeldt-modellbau.de\/wp-content\/uploads\/2025\/04\/TM-1-25-2Int.jpg 425w, https:\/\/toensfeldt-modellbau.de\/wp-content\/uploads\/2025\/04\/TM-1-25-2Int-293x300.jpg 293w\" sizes=\"auto, (max-width: 425px) 100vw, 425px\" \/><\/a><\/figure>\n\n\n\n<p>Truckmodell Nr. 1-2025<\/p>\n\n\n\n<figure class=\"wp-block-image size-full\"><a href=\"http:\/\/toensfeldt-modellbau.de\/wp-content\/uploads\/2025\/04\/TM-1-25-Int.jpg\"><img loading=\"lazy\" decoding=\"async\" width=\"425\" height=\"283\" src=\"http:\/\/toensfeldt-modellbau.de\/wp-content\/uploads\/2025\/04\/TM-1-25-Int.jpg\" alt=\"\" class=\"wp-image-7763\" srcset=\"https:\/\/toensfeldt-modellbau.de\/wp-content\/uploads\/2025\/04\/TM-1-25-Int.jpg 425w, https:\/\/toensfeldt-modellbau.de\/wp-content\/uploads\/2025\/04\/TM-1-25-Int-300x200.jpg 300w\" sizes=\"auto, (max-width: 425px) 100vw, 425px\" \/><\/a><\/figure>\n\n\n\n<p>Truckmodell 1:14 Nr. 01-2025<\/p>\n\n\n\n<figure class=\"wp-block-image size-full\"><a href=\"http:\/\/toensfeldt-modellbau.de\/wp-content\/uploads\/2025\/04\/TM-2-25-2Int.jpg\"><img loading=\"lazy\" decoding=\"async\" width=\"425\" height=\"464\" src=\"http:\/\/toensfeldt-modellbau.de\/wp-content\/uploads\/2025\/04\/TM-2-25-2Int.jpg\" alt=\"\" class=\"wp-image-7764\" srcset=\"https:\/\/toensfeldt-modellbau.de\/wp-content\/uploads\/2025\/04\/TM-2-25-2Int.jpg 425w, https:\/\/toensfeldt-modellbau.de\/wp-content\/uploads\/2025\/04\/TM-2-25-2Int-275x300.jpg 275w\" sizes=\"auto, (max-width: 425px) 100vw, 425px\" \/><\/a><\/figure>\n\n\n\n<p>Truckmodell 02-2025<\/p>\n\n\n\n<figure class=\"wp-block-image size-full\"><a href=\"http:\/\/toensfeldt-modellbau.de\/wp-content\/uploads\/2025\/04\/TM-2-25Int.jpg\"><img loading=\"lazy\" decoding=\"async\" width=\"425\" height=\"190\" src=\"http:\/\/toensfeldt-modellbau.de\/wp-content\/uploads\/2025\/04\/TM-2-25Int.jpg\" alt=\"\" class=\"wp-image-7765\" srcset=\"https:\/\/toensfeldt-modellbau.de\/wp-content\/uploads\/2025\/04\/TM-2-25Int.jpg 425w, https:\/\/toensfeldt-modellbau.de\/wp-content\/uploads\/2025\/04\/TM-2-25Int-300x134.jpg 300w\" sizes=\"auto, (max-width: 425px) 100vw, 425px\" \/><\/a><\/figure>\n\n\n\n<p>Truckmodell 1:14 2-2025<\/p>\n\n\n\n<figure class=\"wp-block-image size-full\"><a href=\"http:\/\/toensfeldt-modellbau.de\/wp-content\/uploads\/2025\/04\/TM-3-25-2Int.jpg\"><img loading=\"lazy\" decoding=\"async\" width=\"425\" height=\"483\" src=\"http:\/\/toensfeldt-modellbau.de\/wp-content\/uploads\/2025\/04\/TM-3-25-2Int.jpg\" alt=\"\" class=\"wp-image-7766\" srcset=\"https:\/\/toensfeldt-modellbau.de\/wp-content\/uploads\/2025\/04\/TM-3-25-2Int.jpg 425w, https:\/\/toensfeldt-modellbau.de\/wp-content\/uploads\/2025\/04\/TM-3-25-2Int-264x300.jpg 264w\" sizes=\"auto, (max-width: 425px) 100vw, 425px\" \/><\/a><\/figure>\n\n\n\n<p>Truckmodell 03-2025<\/p>\n\n\n\n<figure class=\"wp-block-image size-full\"><a href=\"http:\/\/toensfeldt-modellbau.de\/wp-content\/uploads\/2025\/04\/TM-3-25-Int.jpg\"><img loading=\"lazy\" decoding=\"async\" width=\"425\" height=\"192\" src=\"http:\/\/toensfeldt-modellbau.de\/wp-content\/uploads\/2025\/04\/TM-3-25-Int.jpg\" alt=\"\" class=\"wp-image-7767\" srcset=\"https:\/\/toensfeldt-modellbau.de\/wp-content\/uploads\/2025\/04\/TM-3-25-Int.jpg 425w, https:\/\/toensfeldt-modellbau.de\/wp-content\/uploads\/2025\/04\/TM-3-25-Int-300x136.jpg 300w\" sizes=\"auto, (max-width: 425px) 100vw, 425px\" \/><\/a><\/figure>\n\n\n\n<p>Truckmodell 1:14 03-2025<\/p>\n\n\n\n<figure class=\"wp-block-image size-full\"><a href=\"http:\/\/toensfeldt-modellbau.de\/wp-content\/uploads\/2025\/04\/TM-4-24-2Int.jpg\"><img loading=\"lazy\" decoding=\"async\" width=\"425\" height=\"468\" src=\"http:\/\/toensfeldt-modellbau.de\/wp-content\/uploads\/2025\/04\/TM-4-24-2Int.jpg\" alt=\"\" class=\"wp-image-7768\" srcset=\"https:\/\/toensfeldt-modellbau.de\/wp-content\/uploads\/2025\/04\/TM-4-24-2Int.jpg 425w, https:\/\/toensfeldt-modellbau.de\/wp-content\/uploads\/2025\/04\/TM-4-24-2Int-272x300.jpg 272w\" sizes=\"auto, (max-width: 425px) 100vw, 425px\" \/><\/a><\/figure>\n\n\n\n<p>Truckmodell 04-2023<\/p>\n\n\n\n<figure class=\"wp-block-image size-full\"><a href=\"http:\/\/toensfeldt-modellbau.de\/wp-content\/uploads\/2025\/04\/TM-4-24-Int.jpg\"><img loading=\"lazy\" decoding=\"async\" width=\"425\" height=\"179\" src=\"http:\/\/toensfeldt-modellbau.de\/wp-content\/uploads\/2025\/04\/TM-4-24-Int.jpg\" alt=\"\" class=\"wp-image-7769\" srcset=\"https:\/\/toensfeldt-modellbau.de\/wp-content\/uploads\/2025\/04\/TM-4-24-Int.jpg 425w, https:\/\/toensfeldt-modellbau.de\/wp-content\/uploads\/2025\/04\/TM-4-24-Int-300x126.jpg 300w\" sizes=\"auto, (max-width: 425px) 100vw, 425px\" \/><\/a><\/figure>\n\n\n\n<p>Truckmodell 1:14 04-2023<\/p>\n\n\n\n<p>Atr. Nr. Bestelltext:#<\/p>\n\n\n\n<ul class=\"wp-block-list\">\n<li>000150 TMV&amp;VTH TM 1:14 Volvo Gr\u00fcn<\/li>\n\n\n\n<li>000151 TMV&amp;VTH TM 1:14 Scania Rot<\/li>\n\n\n\n<li>000152 TMV&amp;VTH TM 1:14 MAN Blau<\/li>\n\n\n\n<li>000153 TMV&amp;VTH TM 1:14 Gabelstapler<\/li>\n<\/ul>\n\n\n\n<p>Herstellerdaten gem\u00e4s GPSR<\/p>\n\n\n\n<p>Olaf T\u00f6nsfeldt<br>T\u00f6nsfeldt Modellbau Vertrieb<br>Nobiskr\u00fcger Allee 20<br>24768 Rendsburg<\/p>\n\n\n\n<p><strong>Deutschland<\/strong><br>Tel.: 0049 (0 ) 43 31\/ 51 95<br>E-Mail an: <a href=\"mailto:tmv@toensfeldt-modellbau.de\">tmv@toensfeldt-modellbau.de<\/a><\/p>\n","protected":false},"excerpt":{"rendered":"<p>TMV &amp; VTH: TRUCKmodell als kleine Ausgabe im Ma\u00dfstab 1:14 ! Dank der Unterst\u00fctzung des VTH-Verlags konnte dieses Produkt realisiert werden. Die Idee war es, den Titel und die Bilder und Texte des Mittelteils (in Ausz\u00fcgen) wiederzugeben. Also haben wir &hellip; <a href=\"https:\/\/toensfeldt-modellbau.de\/?page_id=7771\">Weiterlesen <span class=\"meta-nav\">&rarr;<\/span><\/a><\/p>\n","protected":false},"author":2,"featured_media":0,"parent":0,"menu_order":0,"comment_status":"closed","ping_status":"closed","template":"","meta":{"footnotes":""},"class_list":["post-7771","page","type-page","status-publish","hentry"],"_links":{"self":[{"href":"https:\/\/toensfeldt-modellbau.de\/index.php?rest_route=\/wp\/v2\/pages\/7771","targetHints":{"allow":["GET"]}}],"collection":[{"href":"https:\/\/toensfeldt-modellbau.de\/index.php?rest_route=\/wp\/v2\/pages"}],"about":[{"href":"https:\/\/toensfeldt-modellbau.de\/index.php?rest_route=\/wp\/v2\/types\/page"}],"author":[{"embeddable":true,"href":"https:\/\/toensfeldt-modellbau.de\/index.php?rest_route=\/wp\/v2\/users\/2"}],"replies":[{"embeddable":true,"href":"https:\/\/toensfeldt-modellbau.de\/index.php?rest_route=%2Fwp%2Fv2%2Fcomments&post=7771"}],"version-history":[{"count":1,"href":"https:\/\/toensfeldt-modellbau.de\/index.php?rest_route=\/wp\/v2\/pages\/7771\/revisions"}],"predecessor-version":[{"id":7772,"href":"https:\/\/toensfeldt-modellbau.de\/index.php?rest_route=\/wp\/v2\/pages\/7771\/revisions\/7772"}],"wp:attachment":[{"href":"https:\/\/toensfeldt-modellbau.de\/index.php?rest_route=%2Fwp%2Fv2%2Fmedia&parent=7771"}],"curies":[{"name":"wp","href":"https:\/\/api.w.org\/{rel}","templated":true}]}}