{"id":7805,"date":"2025-07-02T11:20:45","date_gmt":"2025-07-02T09:20:45","guid":{"rendered":"https:\/\/toensfeldt-modellbau.de\/?page_id=7805"},"modified":"2025-07-02T11:25:59","modified_gmt":"2025-07-02T09:25:59","slug":"tt-bedienpult","status":"publish","type":"page","link":"https:\/\/toensfeldt-modellbau.de\/?page_id=7805","title":{"rendered":"TT Bedienpult"},"content":{"rendered":"\n<figure class=\"wp-block-image size-full is-resized\"><a href=\"http:\/\/toensfeldt-modellbau.de\/wp-content\/uploads\/2025\/07\/TT-Bedienpult-Int.jpg\"><img loading=\"lazy\" decoding=\"async\" width=\"567\" height=\"504\" src=\"http:\/\/toensfeldt-modellbau.de\/wp-content\/uploads\/2025\/07\/TT-Bedienpult-Int.jpg\" alt=\"\" class=\"wp-image-7802\" style=\"width:670px;height:auto\" srcset=\"https:\/\/toensfeldt-modellbau.de\/wp-content\/uploads\/2025\/07\/TT-Bedienpult-Int.jpg 567w, https:\/\/toensfeldt-modellbau.de\/wp-content\/uploads\/2025\/07\/TT-Bedienpult-Int-300x267.jpg 300w\" sizes=\"auto, (max-width: 567px) 100vw, 567px\" \/><\/a><\/figure>\n\n\n\n<p>TMV Bedinpult f\u00fcr den Tow Trucks.<\/p>\n\n\n\n<p>Kasten Seitenfach, Bedienpult, Stromkasten, Bildschirm, Notstopp, Fernbedienhalterung und die Fernbedienung diese Teile kommen alle aus dem 3d-Drucker. Die Bedienhebel sind aus Messing gegossen und schwarz Br\u00fcniert. Dazu gibt es noch den Aufkleber bestehend aus dem Aufkleber f\u00fcr den Bildschirm, die Bedienhebel und den TMV Schriftzug. Aus all diesen Teilen entsteht das Bedienpult f\u00fcr den Tow Truck.<\/p>\n\n\n\n<figure class=\"wp-block-image size-full is-resized\"><a href=\"http:\/\/toensfeldt-modellbau.de\/wp-content\/uploads\/2025\/07\/TT-Bedin-Teile.jpg\"><img loading=\"lazy\" decoding=\"async\" width=\"425\" height=\"569\" src=\"http:\/\/toensfeldt-modellbau.de\/wp-content\/uploads\/2025\/07\/TT-Bedin-Teile.jpg\" alt=\"\" class=\"wp-image-7804\" style=\"width:670px;height:auto\" srcset=\"https:\/\/toensfeldt-modellbau.de\/wp-content\/uploads\/2025\/07\/TT-Bedin-Teile.jpg 425w, https:\/\/toensfeldt-modellbau.de\/wp-content\/uploads\/2025\/07\/TT-Bedin-Teile-224x300.jpg 224w\" sizes=\"auto, (max-width: 425px) 100vw, 425px\" \/><\/a><\/figure>\n\n\n\n<figure class=\"wp-block-image size-full is-resized\"><a href=\"http:\/\/toensfeldt-modellbau.de\/wp-content\/uploads\/2025\/07\/TT-Bedinpult.jpg\"><img loading=\"lazy\" decoding=\"async\" width=\"425\" height=\"266\" src=\"http:\/\/toensfeldt-modellbau.de\/wp-content\/uploads\/2025\/07\/TT-Bedinpult.jpg\" alt=\"\" class=\"wp-image-7803\" style=\"width:670px;height:auto\" srcset=\"https:\/\/toensfeldt-modellbau.de\/wp-content\/uploads\/2025\/07\/TT-Bedinpult.jpg 425w, https:\/\/toensfeldt-modellbau.de\/wp-content\/uploads\/2025\/07\/TT-Bedinpult-300x188.jpg 300w\" sizes=\"auto, (max-width: 425px) 100vw, 425px\" \/><\/a><\/figure>\n\n\n\n<p>Atr. Nr.Bestelltext:<\/p>\n\n\n\n<ul class=\"wp-block-list\">\n<li>050219 TMV Bedienpult TOW TRUCK<\/li>\n<\/ul>\n\n\n\n<p>Herstellerdaten gem\u00e4s GPSR<\/p>\n\n\n\n<p>Olaf T\u00f6nsfeldt<br>T\u00f6nsfeldt Modellbau Vertrieb<br>Nobiskr\u00fcger Allee 20<br>24768 Rendsburg<\/p>\n\n\n\n<p><strong>Deutschland<\/strong><br>Tel.: 0049 (0 ) 43 31\/ 51 95<br>E-Mail an: tmv@toensfeldt-modellbau.de<\/p>\n","protected":false},"excerpt":{"rendered":"<p>TMV Bedinpult f\u00fcr den Tow Trucks. Kasten Seitenfach, Bedienpult, Stromkasten, Bildschirm, Notstopp, Fernbedienhalterung und die Fernbedienung diese Teile kommen alle aus dem 3d-Drucker. Die Bedienhebel sind aus Messing gegossen und schwarz Br\u00fcniert. Dazu gibt es noch den Aufkleber bestehend aus &hellip; <a href=\"https:\/\/toensfeldt-modellbau.de\/?page_id=7805\">Weiterlesen <span class=\"meta-nav\">&rarr;<\/span><\/a><\/p>\n","protected":false},"author":2,"featured_media":0,"parent":0,"menu_order":0,"comment_status":"closed","ping_status":"closed","template":"","meta":{"footnotes":""},"class_list":["post-7805","page","type-page","status-publish","hentry"],"_links":{"self":[{"href":"https:\/\/toensfeldt-modellbau.de\/index.php?rest_route=\/wp\/v2\/pages\/7805","targetHints":{"allow":["GET"]}}],"collection":[{"href":"https:\/\/toensfeldt-modellbau.de\/index.php?rest_route=\/wp\/v2\/pages"}],"about":[{"href":"https:\/\/toensfeldt-modellbau.de\/index.php?rest_route=\/wp\/v2\/types\/page"}],"author":[{"embeddable":true,"href":"https:\/\/toensfeldt-modellbau.de\/index.php?rest_route=\/wp\/v2\/users\/2"}],"replies":[{"embeddable":true,"href":"https:\/\/toensfeldt-modellbau.de\/index.php?rest_route=%2Fwp%2Fv2%2Fcomments&post=7805"}],"version-history":[{"count":3,"href":"https:\/\/toensfeldt-modellbau.de\/index.php?rest_route=\/wp\/v2\/pages\/7805\/revisions"}],"predecessor-version":[{"id":7809,"href":"https:\/\/toensfeldt-modellbau.de\/index.php?rest_route=\/wp\/v2\/pages\/7805\/revisions\/7809"}],"wp:attachment":[{"href":"https:\/\/toensfeldt-modellbau.de\/index.php?rest_route=%2Fwp%2Fv2%2Fmedia&parent=7805"}],"curies":[{"name":"wp","href":"https:\/\/api.w.org\/{rel}","templated":true}]}}