{"id":7849,"date":"2025-10-19T18:17:00","date_gmt":"2025-10-19T16:17:00","guid":{"rendered":"https:\/\/toensfeldt-modellbau.de\/?page_id=7849"},"modified":"2025-10-23T16:25:30","modified_gmt":"2025-10-23T14:25:30","slug":"7849-2","status":"publish","type":"page","link":"https:\/\/toensfeldt-modellbau.de\/?page_id=7849","title":{"rendered":"TMV Gitterbox H50"},"content":{"rendered":"\n<figure class=\"wp-block-image size-full is-resized\"><a href=\"http:\/\/toensfeldt-modellbau.de\/wp-content\/uploads\/2025\/10\/TMV-Gitterbox-H50-2-Farben-Int.jpg\"><img loading=\"lazy\" decoding=\"async\" width=\"567\" height=\"293\" src=\"http:\/\/toensfeldt-modellbau.de\/wp-content\/uploads\/2025\/10\/TMV-Gitterbox-H50-2-Farben-Int.jpg\" alt=\"\" class=\"wp-image-7848\" style=\"width:670px;height:auto\" srcset=\"https:\/\/toensfeldt-modellbau.de\/wp-content\/uploads\/2025\/10\/TMV-Gitterbox-H50-2-Farben-Int.jpg 567w, https:\/\/toensfeldt-modellbau.de\/wp-content\/uploads\/2025\/10\/TMV-Gitterbox-H50-2-Farben-Int-300x155.jpg 300w\" sizes=\"auto, (max-width: 567px) 100vw, 567px\" \/><\/a><\/figure>\n\n\n\n<p><br>T\u00f6nsfeldt Modellbau ist durch ein Zufall an die Spritzform von der Gitterbox f\u00fcr den Gabelstapler H50 aus dem Transportset gekommen. Durch die freihabe des Rechte Inhabers konnten wir die Spritzform wieder in Betrieb nehmen und die Gitterbox neu Auflegen. Der Vorteil der Gitterbox ist das sie sehr gut mit dem Gabelstapler gestapelt werden kann, zur Info der Rahmen der beim Transportset mit dabei wahr fehlt hier. Geliefert wird die TMV Gitterbox f\u00fcr den H50 in Orange und Grau als Bausatz in dem Kunststoff PP. Der Kunststoff PP kann nur mit einem Spezialkleber f\u00fcr PP geklebt werden den wir auch mit anbieten. Sie k\u00f6nnen die TMV Gitterbox gegen Aufpreis auch verklebt von uns beziehen. Bei den Baus\u00e4tzen sind noch Spritzfehler zu entfernen. Es ist auch m\u00f6glich die Gitterbox ab einer St\u00fcckzahl von 250 St\u00fcck in anderen Farben zu bekommen.<\/p>\n\n\n\n<figure class=\"wp-block-image size-full is-resized\"><a href=\"http:\/\/toensfeldt-modellbau.de\/wp-content\/uploads\/2025\/10\/TMV-Gibo-Fertig-O.jpg\"><img loading=\"lazy\" decoding=\"async\" width=\"425\" height=\"439\" src=\"http:\/\/toensfeldt-modellbau.de\/wp-content\/uploads\/2025\/10\/TMV-Gibo-Fertig-O.jpg\" alt=\"\" class=\"wp-image-7847\" style=\"width:670px;height:auto\" srcset=\"https:\/\/toensfeldt-modellbau.de\/wp-content\/uploads\/2025\/10\/TMV-Gibo-Fertig-O.jpg 425w, https:\/\/toensfeldt-modellbau.de\/wp-content\/uploads\/2025\/10\/TMV-Gibo-Fertig-O-290x300.jpg 290w\" sizes=\"auto, (max-width: 425px) 100vw, 425px\" \/><\/a><\/figure>\n\n\n\n<p>TMV Gibo H50 Fertig Orange<\/p>\n\n\n\n<figure class=\"wp-block-image size-full is-resized\"><a href=\"http:\/\/toensfeldt-modellbau.de\/wp-content\/uploads\/2025\/10\/TMV-Gibo-Fertig-G.jpg\"><img loading=\"lazy\" decoding=\"async\" width=\"425\" height=\"439\" src=\"http:\/\/toensfeldt-modellbau.de\/wp-content\/uploads\/2025\/10\/TMV-Gibo-Fertig-G.jpg\" alt=\"\" class=\"wp-image-7846\" style=\"width:670px;height:auto\" srcset=\"https:\/\/toensfeldt-modellbau.de\/wp-content\/uploads\/2025\/10\/TMV-Gibo-Fertig-G.jpg 425w, https:\/\/toensfeldt-modellbau.de\/wp-content\/uploads\/2025\/10\/TMV-Gibo-Fertig-G-290x300.jpg 290w\" sizes=\"auto, (max-width: 425px) 100vw, 425px\" \/><\/a><\/figure>\n\n\n\n<p>TMV Gibo H50 Fertig Grau<\/p>\n\n\n\n<figure class=\"wp-block-image size-full is-resized\"><a href=\"http:\/\/toensfeldt-modellbau.de\/wp-content\/uploads\/2025\/10\/TMV-Gibo-Bau-O-G.jpg\"><img loading=\"lazy\" decoding=\"async\" width=\"425\" height=\"312\" src=\"http:\/\/toensfeldt-modellbau.de\/wp-content\/uploads\/2025\/10\/TMV-Gibo-Bau-O-G.jpg\" alt=\"\" class=\"wp-image-7845\" style=\"width:670px;height:auto\" srcset=\"https:\/\/toensfeldt-modellbau.de\/wp-content\/uploads\/2025\/10\/TMV-Gibo-Bau-O-G.jpg 425w, https:\/\/toensfeldt-modellbau.de\/wp-content\/uploads\/2025\/10\/TMV-Gibo-Bau-O-G-300x220.jpg 300w\" sizes=\"auto, (max-width: 425px) 100vw, 425px\" \/><\/a><\/figure>\n\n\n\n<p>TMV Gibo H50 Bausatz Orange und Grau<\/p>\n\n\n\n<p>Technische Ma\u00dfe Gitterbox:<\/p>\n\n\n\n<ul class=\"wp-block-list\">\n<li>L\u00e4nge: ca. 74 mm<\/li>\n\n\n\n<li>Breite: ca. 50 mm<\/li>\n\n\n\n<li>H\u00f6he: ca. 58 mm<\/li>\n<\/ul>\n\n\n\n<p>Art. Nr. Bestell Text:<\/p>\n\n\n\n<ul class=\"wp-block-list\">\n<li>040020 TMV Gitterbox Bausatz 1:16 Orange<\/li>\n\n\n\n<li>040021 TMV Gitterbox Bausatz 1:16 Grau<\/li>\n\n\n\n<li>040022 TMV Gitterbox Bausatz 1:16 Farbe Vers.<\/li>\n\n\n\n<li>040030 TMV Gitterbox Fertig 1:16 Orange<\/li>\n\n\n\n<li>040031 TMV Gitterbox Fertig 1:16 Grau<\/li>\n\n\n\n<li>040032 TMV Gitterbox Fertig 1:16 Farbe Vers.<\/li>\n\n\n\n<li>099912 K+S Industriekleber mit Primer f\u00fcr PP<\/li>\n<\/ul>\n\n\n\n<p>Preise:<\/p>\n\n\n\n<ul class=\"wp-block-list\">\n<li>1 x TMV Gitterbox Bausatz 1:16 2,40 \u20ac<\/li>\n\n\n\n<li>ab 6 x TMV Gitterbox Bausatz 1:16 2,30 \u20ac<\/li>\n\n\n\n<li>ab 12 x TMV Gitterbox Bausatz 1:16 2,15 \u20ac<\/li>\n\n\n\n<li>ab 24 x TMV Gitterbox Bausatz 1:16 2,05 \u20ac<\/li>\n<\/ul>\n\n\n\n<p>Spritproben<\/p>\n\n\n\n<figure class=\"wp-block-image size-full is-resized\"><a href=\"http:\/\/toensfeldt-modellbau.de\/wp-content\/uploads\/2025\/10\/TMV-Gibo-Bau-B-T.jpg\"><img loading=\"lazy\" decoding=\"async\" width=\"425\" height=\"316\" src=\"http:\/\/toensfeldt-modellbau.de\/wp-content\/uploads\/2025\/10\/TMV-Gibo-Bau-B-T.jpg\" alt=\"\" class=\"wp-image-7844\" style=\"width:670px;height:auto\" srcset=\"https:\/\/toensfeldt-modellbau.de\/wp-content\/uploads\/2025\/10\/TMV-Gibo-Bau-B-T.jpg 425w, https:\/\/toensfeldt-modellbau.de\/wp-content\/uploads\/2025\/10\/TMV-Gibo-Bau-B-T-300x223.jpg 300w\" sizes=\"auto, (max-width: 425px) 100vw, 425px\" \/><\/a><\/figure>\n\n\n\n<p><br>Spritzproben in vers. Blau, Transparent und ein r\u00f6tlichen Ton sind zu sonder Preisen bei Anfrage auch ab zu geben die Anzahl ist begrenzt !<\/p>\n\n\n\n<p>Herstellerdaten gem\u00e4s GPSR<\/p>\n\n\n\n<p>Olaf T\u00f6nsfeldt<br>T\u00f6nsfeldt Modellbau Vertrieb<br>Nobiskr\u00fcger Allee 20<br>24768 Rendsburg<\/p>\n\n\n\n<p><strong>Deutschland<\/strong><br>Tel.: 0049 (0 ) 43 31\/ 51 95<br>E-Mail an: <a href=\"mailto:tmv@toensfeldt-modellbau.de\">tmv@toensfeldt-modellbau.de<\/a><\/p>\n","protected":false},"excerpt":{"rendered":"<p>T\u00f6nsfeldt Modellbau ist durch ein Zufall an die Spritzform von der Gitterbox f\u00fcr den Gabelstapler H50 aus dem Transportset gekommen. Durch die freihabe des Rechte Inhabers konnten wir die Spritzform wieder in Betrieb nehmen und die Gitterbox neu Auflegen. Der &hellip; <a href=\"https:\/\/toensfeldt-modellbau.de\/?page_id=7849\">Weiterlesen <span class=\"meta-nav\">&rarr;<\/span><\/a><\/p>\n","protected":false},"author":2,"featured_media":0,"parent":0,"menu_order":0,"comment_status":"closed","ping_status":"closed","template":"","meta":{"footnotes":""},"class_list":["post-7849","page","type-page","status-publish","hentry"],"_links":{"self":[{"href":"https:\/\/toensfeldt-modellbau.de\/index.php?rest_route=\/wp\/v2\/pages\/7849","targetHints":{"allow":["GET"]}}],"collection":[{"href":"https:\/\/toensfeldt-modellbau.de\/index.php?rest_route=\/wp\/v2\/pages"}],"about":[{"href":"https:\/\/toensfeldt-modellbau.de\/index.php?rest_route=\/wp\/v2\/types\/page"}],"author":[{"embeddable":true,"href":"https:\/\/toensfeldt-modellbau.de\/index.php?rest_route=\/wp\/v2\/users\/2"}],"replies":[{"embeddable":true,"href":"https:\/\/toensfeldt-modellbau.de\/index.php?rest_route=%2Fwp%2Fv2%2Fcomments&post=7849"}],"version-history":[{"count":8,"href":"https:\/\/toensfeldt-modellbau.de\/index.php?rest_route=\/wp\/v2\/pages\/7849\/revisions"}],"predecessor-version":[{"id":7863,"href":"https:\/\/toensfeldt-modellbau.de\/index.php?rest_route=\/wp\/v2\/pages\/7849\/revisions\/7863"}],"wp:attachment":[{"href":"https:\/\/toensfeldt-modellbau.de\/index.php?rest_route=%2Fwp%2Fv2%2Fmedia&parent=7849"}],"curies":[{"name":"wp","href":"https:\/\/api.w.org\/{rel}","templated":true}]}}