{"id":7892,"date":"2025-11-08T17:31:53","date_gmt":"2025-11-08T15:31:53","guid":{"rendered":"https:\/\/toensfeldt-modellbau.de\/?page_id=7892"},"modified":"2026-02-19T12:38:50","modified_gmt":"2026-02-19T10:38:50","slug":"h50-differential","status":"publish","type":"page","link":"https:\/\/toensfeldt-modellbau.de\/?page_id=7892","title":{"rendered":"GS H50 Differential 1"},"content":{"rendered":"\n<p>Original Differential f\u00fcr den Robbe Gabelstapler Linde H50 <\/p>\n\n\n\n<figure class=\"wp-block-image size-full is-resized\"><a href=\"http:\/\/toensfeldt-modellbau.de\/wp-content\/uploads\/2025\/11\/2Diff-1.jpg\"><img loading=\"lazy\" decoding=\"async\" width=\"567\" height=\"392\" src=\"http:\/\/toensfeldt-modellbau.de\/wp-content\/uploads\/2025\/11\/2Diff-1.jpg\" alt=\"\" class=\"wp-image-7885\" style=\"width:670px;height:auto\" srcset=\"https:\/\/toensfeldt-modellbau.de\/wp-content\/uploads\/2025\/11\/2Diff-1.jpg 567w, https:\/\/toensfeldt-modellbau.de\/wp-content\/uploads\/2025\/11\/2Diff-1-300x207.jpg 300w\" sizes=\"auto, (max-width: 567px) 100vw, 567px\" \/><\/a><\/figure>\n\n\n\n<p>Original Differential K\u00e4fig aus Kunststoff Original Kegelzahnr\u00e4der aus Metall Druckguss und Kunststoff so wie der Gro\u00dfe Zahnkranz aus Messing gegossen, nicht wie im Original aus Alu.<\/p>\n\n\n\n<figure class=\"wp-block-image size-full\"><a href=\"http:\/\/toensfeldt-modellbau.de\/wp-content\/uploads\/2025\/11\/Diff.-Kun-1.jpg\"><img loading=\"lazy\" decoding=\"async\" width=\"425\" height=\"491\" src=\"http:\/\/toensfeldt-modellbau.de\/wp-content\/uploads\/2025\/11\/Diff.-Kun-1.jpg\" alt=\"\" class=\"wp-image-7886\" srcset=\"https:\/\/toensfeldt-modellbau.de\/wp-content\/uploads\/2025\/11\/Diff.-Kun-1.jpg 425w, https:\/\/toensfeldt-modellbau.de\/wp-content\/uploads\/2025\/11\/Diff.-Kun-1-260x300.jpg 260w\" sizes=\"auto, (max-width: 425px) 100vw, 425px\" \/><\/a><\/figure>\n\n\n\n<p>Der Differential K\u00e4fig aus Kunststoff mit den Original Kegelzahnr\u00e4der aus Metall Druckguss und Kunststoff wird fertig montiert geliefert ( Art. Nr. 020585 ) der Zahnkranz mu\u00df noch mit 4 Senkkopfschrauben montiert werden.<\/p>\n\n\n\n<figure class=\"wp-block-image size-full\"><a href=\"http:\/\/toensfeldt-modellbau.de\/wp-content\/uploads\/2025\/11\/Diff.-Kun-2.jpg\"><img loading=\"lazy\" decoding=\"async\" width=\"425\" height=\"408\" src=\"http:\/\/toensfeldt-modellbau.de\/wp-content\/uploads\/2025\/11\/Diff.-Kun-2.jpg\" alt=\"\" class=\"wp-image-7887\" srcset=\"https:\/\/toensfeldt-modellbau.de\/wp-content\/uploads\/2025\/11\/Diff.-Kun-2.jpg 425w, https:\/\/toensfeldt-modellbau.de\/wp-content\/uploads\/2025\/11\/Diff.-Kun-2-300x288.jpg 300w\" sizes=\"auto, (max-width: 425px) 100vw, 425px\" \/><\/a><\/figure>\n\n\n\n<p>Kegelzahnr\u00e4der Satz Metall Druckguss und Kunststoff 020580<\/p>\n\n\n\n<figure class=\"wp-block-image size-full\"><a href=\"http:\/\/toensfeldt-modellbau.de\/wp-content\/uploads\/2025\/11\/Diff.-Kun-3.jpg\"><img loading=\"lazy\" decoding=\"async\" width=\"425\" height=\"256\" src=\"http:\/\/toensfeldt-modellbau.de\/wp-content\/uploads\/2025\/11\/Diff.-Kun-3.jpg\" alt=\"\" class=\"wp-image-7898\" srcset=\"https:\/\/toensfeldt-modellbau.de\/wp-content\/uploads\/2025\/11\/Diff.-Kun-3.jpg 425w, https:\/\/toensfeldt-modellbau.de\/wp-content\/uploads\/2025\/11\/Diff.-Kun-3-300x181.jpg 300w\" sizes=\"auto, (max-width: 425px) 100vw, 425px\" \/><\/a><\/figure>\n\n\n\n<p>Original Differential K\u00e4fig Kunststoff H50 020584<\/p>\n\n\n\n<figure class=\"wp-block-image size-full\"><a href=\"http:\/\/toensfeldt-modellbau.de\/wp-content\/uploads\/2025\/11\/Diff-Mes.-3.jpg\"><img loading=\"lazy\" decoding=\"async\" width=\"425\" height=\"474\" src=\"http:\/\/toensfeldt-modellbau.de\/wp-content\/uploads\/2025\/11\/Diff-Mes.-3.jpg\" alt=\"\" class=\"wp-image-7890\" srcset=\"https:\/\/toensfeldt-modellbau.de\/wp-content\/uploads\/2025\/11\/Diff-Mes.-3.jpg 425w, https:\/\/toensfeldt-modellbau.de\/wp-content\/uploads\/2025\/11\/Diff-Mes.-3-269x300.jpg 269w\" sizes=\"auto, (max-width: 425px) 100vw, 425px\" \/><\/a><\/figure>\n\n\n\n<p>Messing Zahnkranz mit den 4 Schrauben Teil 1.8 020583<\/p>\n\n\n\n<p>Art. Nr. Bestelltext:<\/p>\n\n\n\n<ul class=\"wp-block-list\">\n<li><mark style=\"background-color:rgba(0, 0, 0, 0)\" class=\"has-inline-color has-blue-color\">020580<\/mark> Satz Kegelr\u00e4der Alu\/Kunststof Orginal Robbe H50 Diff.<\/li>\n\n\n\n<li><mark style=\"background-color:rgba(0, 0, 0, 0)\" class=\"has-inline-color has-blue-color\">020583<\/mark> Zahnkranz Messing Z29m1-1.8<\/li>\n\n\n\n<li><mark style=\"background-color:rgba(0, 0, 0, 0)\" class=\"has-inline-color has-blue-color\">020584<\/mark> Differential K\u00e4fig Kunststoff<\/li>\n\n\n\n<li><mark style=\"background-color:rgba(0, 0, 0, 0)\" class=\"has-inline-color has-blue-color\">020591<\/mark> Diff. Original Satz<\/li>\n<\/ul>\n\n\n\n<p><strong><em>Die namentliche Nennung von Herstellern und Produkten erfolgt nur zum Zweck der eindeutigen Bezeichnung der Artikel der einzelnen Hersteller. Einige der auf dieser Internetseite genannten Produktnamen sind eingetragene Warenzeichen bzw. unterliegen dem Copyright der jeweiligen Eigent\u00fcmer.<\/em><\/strong><\/p>\n\n\n\n<p>Herstellerdaten gem\u00e4s GPSR<\/p>\n\n\n\n<p>Olaf T\u00f6nsfeldt<br>T\u00f6nsfeldt Modellbau Vertrieb<br>Nobiskr\u00fcger Allee 20<br>24768 Rendsburg<\/p>\n\n\n\n<p><strong>Deutschland<\/strong><br>Tel.: 0049 (0 ) 43 31\/ 51 95<br>E-Mail an: <a href=\"mailto:tmv@toensfeldt-modellbau.de\">tmv@toensfeldt-modellbau.de<\/a><\/p>\n","protected":false},"excerpt":{"rendered":"<p>Original Differential f\u00fcr den Robbe Gabelstapler Linde H50 Original Differential K\u00e4fig aus Kunststoff Original Kegelzahnr\u00e4der aus Metall Druckguss und Kunststoff so wie der Gro\u00dfe Zahnkranz aus Messing gegossen, nicht wie im Original aus Alu. Der Differential K\u00e4fig aus Kunststoff mit &hellip; <a href=\"https:\/\/toensfeldt-modellbau.de\/?page_id=7892\">Weiterlesen <span class=\"meta-nav\">&rarr;<\/span><\/a><\/p>\n","protected":false},"author":2,"featured_media":0,"parent":0,"menu_order":0,"comment_status":"closed","ping_status":"closed","template":"","meta":{"footnotes":""},"class_list":["post-7892","page","type-page","status-publish","hentry"],"_links":{"self":[{"href":"https:\/\/toensfeldt-modellbau.de\/index.php?rest_route=\/wp\/v2\/pages\/7892","targetHints":{"allow":["GET"]}}],"collection":[{"href":"https:\/\/toensfeldt-modellbau.de\/index.php?rest_route=\/wp\/v2\/pages"}],"about":[{"href":"https:\/\/toensfeldt-modellbau.de\/index.php?rest_route=\/wp\/v2\/types\/page"}],"author":[{"embeddable":true,"href":"https:\/\/toensfeldt-modellbau.de\/index.php?rest_route=\/wp\/v2\/users\/2"}],"replies":[{"embeddable":true,"href":"https:\/\/toensfeldt-modellbau.de\/index.php?rest_route=%2Fwp%2Fv2%2Fcomments&post=7892"}],"version-history":[{"count":6,"href":"https:\/\/toensfeldt-modellbau.de\/index.php?rest_route=\/wp\/v2\/pages\/7892\/revisions"}],"predecessor-version":[{"id":8057,"href":"https:\/\/toensfeldt-modellbau.de\/index.php?rest_route=\/wp\/v2\/pages\/7892\/revisions\/8057"}],"wp:attachment":[{"href":"https:\/\/toensfeldt-modellbau.de\/index.php?rest_route=%2Fwp%2Fv2%2Fmedia&parent=7892"}],"curies":[{"name":"wp","href":"https:\/\/api.w.org\/{rel}","templated":true}]}}