{"id":7973,"date":"2026-01-29T13:05:33","date_gmt":"2026-01-29T11:05:33","guid":{"rendered":"https:\/\/toensfeldt-modellbau.de\/?page_id=7973"},"modified":"2026-04-08T17:01:41","modified_gmt":"2026-04-08T15:01:41","slug":"gs-neigezylinder-h50","status":"publish","type":"page","link":"https:\/\/toensfeldt-modellbau.de\/?page_id=7973","title":{"rendered":"GS H50 Neigezylinder"},"content":{"rendered":"\n<figure class=\"wp-block-image size-full is-resized\"><a href=\"http:\/\/toensfeldt-modellbau.de\/wp-content\/uploads\/2026\/01\/Neigez-SatzH50-2Satz-Int.jpg\"><img loading=\"lazy\" decoding=\"async\" width=\"567\" height=\"612\" src=\"http:\/\/toensfeldt-modellbau.de\/wp-content\/uploads\/2026\/01\/Neigez-SatzH50-2Satz-Int.jpg\" alt=\"\" class=\"wp-image-7956\" style=\"width:670px;height:auto\" srcset=\"https:\/\/toensfeldt-modellbau.de\/wp-content\/uploads\/2026\/01\/Neigez-SatzH50-2Satz-Int.jpg 567w, https:\/\/toensfeldt-modellbau.de\/wp-content\/uploads\/2026\/01\/Neigez-SatzH50-2Satz-Int-278x300.jpg 278w\" sizes=\"auto, (max-width: 567px) 100vw, 567px\" \/><\/a><\/figure>\n\n\n\n<p>TMV Neigezylinder f\u00fcr den Gabelstapler Robbe Linde H50 aus Messing mit Kolbenstange<\/p>\n\n\n\n<p><br>TMV Neigezylinder mit Kolbenstange f\u00fcr den Gabelstapler Robbe Linde H50 aus Messing. Der Neigezylinder wird aus einem Messingrohr auf die L\u00e4nge von 48 mm abgel\u00e4ngt und dann mit dem Kolbenende aus Messingguss verl\u00f6tet. Die gedrehte Kolbenstange, die 1 cm l\u00e4nger ist als das Original, aus Messing wird nach dem drehen mit Sp\u00fchlmittel gewaschen und dann verzinkt. Dadurch das die Kolbenstange l\u00e4nger ist kann sie dem Stapler H50 so angepasst werden das sie nicht mehr aus dem Neigezylinder raus rutschen kann.<\/p>\n\n\n\n<figure class=\"wp-block-image size-full is-resized\"><a href=\"http:\/\/toensfeldt-modellbau.de\/wp-content\/uploads\/2026\/01\/Neigez-SatzH50-Natur.jpg\"><img loading=\"lazy\" decoding=\"async\" width=\"425\" height=\"226\" src=\"http:\/\/toensfeldt-modellbau.de\/wp-content\/uploads\/2026\/01\/Neigez-SatzH50-Natur.jpg\" alt=\"\" class=\"wp-image-7957\" style=\"width:670px;height:auto\" srcset=\"https:\/\/toensfeldt-modellbau.de\/wp-content\/uploads\/2026\/01\/Neigez-SatzH50-Natur.jpg 425w, https:\/\/toensfeldt-modellbau.de\/wp-content\/uploads\/2026\/01\/Neigez-SatzH50-Natur-300x160.jpg 300w\" sizes=\"auto, (max-width: 425px) 100vw, 425px\" \/><\/a><\/figure>\n\n\n\n<p>Neigezylinder mit Kolbenstange Messing Natur<\/p>\n\n\n\n<figure class=\"wp-block-image size-full is-resized\"><a href=\"http:\/\/toensfeldt-modellbau.de\/wp-content\/uploads\/2026\/01\/Neigez-SatzH50-Schwarz.jpg\"><img loading=\"lazy\" decoding=\"async\" width=\"425\" height=\"280\" src=\"http:\/\/toensfeldt-modellbau.de\/wp-content\/uploads\/2026\/01\/Neigez-SatzH50-Schwarz.jpg\" alt=\"\" class=\"wp-image-7958\" style=\"width:670px;height:auto\" srcset=\"https:\/\/toensfeldt-modellbau.de\/wp-content\/uploads\/2026\/01\/Neigez-SatzH50-Schwarz.jpg 425w, https:\/\/toensfeldt-modellbau.de\/wp-content\/uploads\/2026\/01\/Neigez-SatzH50-Schwarz-300x198.jpg 300w\" sizes=\"auto, (max-width: 425px) 100vw, 425px\" \/><\/a><\/figure>\n\n\n\n<p>Neigezyinder mit Kolbenstange Messing Schwarz gepulvert<br><br>Art. Nr. Bestelltext:<\/p>\n\n\n\n<ul class=\"wp-block-list\">\n<li>020570 TMV Neigezylinder mit Kolbenstange Satz H50 Messing Natur<\/li>\n\n\n\n<li>020571 TMV Neigezylinder mit Kolbenstange Satz H50 Messing Farbe <\/li>\n\n\n\n<li>020572 TMV Neigezylinder Satz H50 Messing Natur<\/li>\n\n\n\n<li>020573 TMV Neigezylinder Satz H50 Messing Farbe<\/li>\n<\/ul>\n\n\n\n<p>TMV Kolbenstang f\u00fcr Stapler H50<\/p>\n\n\n\n<p>TMV Kolbenstange f\u00fcr Robbe Gabelstapler Linde H50 aus Messing gedreht und Verzinkt. Die TMV Kolbenstange ist 1 cm L\u00e4nger als das Original. Dadurch das die Kolbenstange l\u00e4nger ist kann sie dem Stapler H50 so angepasst werden das sie nicht mehr aus dem Neigezylinder raus rutschen kann.<\/p>\n\n\n\n<figure class=\"wp-block-image size-full is-resized\"><a href=\"http:\/\/toensfeldt-modellbau.de\/wp-content\/uploads\/2026\/02\/Kolbenstangen-H50-3.jpg\"><img loading=\"lazy\" decoding=\"async\" width=\"567\" height=\"289\" src=\"http:\/\/toensfeldt-modellbau.de\/wp-content\/uploads\/2026\/02\/Kolbenstangen-H50-3.jpg\" alt=\"\" class=\"wp-image-7985\" style=\"width:670px;height:auto\" srcset=\"https:\/\/toensfeldt-modellbau.de\/wp-content\/uploads\/2026\/02\/Kolbenstangen-H50-3.jpg 567w, https:\/\/toensfeldt-modellbau.de\/wp-content\/uploads\/2026\/02\/Kolbenstangen-H50-3-300x153.jpg 300w\" sizes=\"auto, (max-width: 567px) 100vw, 567px\" \/><\/a><\/figure>\n\n\n\n<p>Im Bild oben der Orginal Neigezylinder mit TMV Kolbenstangen f\u00fcr den H50 um 1 cm Verl\u00e4ngert.<\/p>\n\n\n\n<figure class=\"wp-block-image size-full is-resized\"><a href=\"http:\/\/toensfeldt-modellbau.de\/wp-content\/uploads\/2026\/02\/Kolbenstangen-H50-1.jpg\"><img loading=\"lazy\" decoding=\"async\" width=\"425\" height=\"136\" src=\"http:\/\/toensfeldt-modellbau.de\/wp-content\/uploads\/2026\/02\/Kolbenstangen-H50-1.jpg\" alt=\"\" class=\"wp-image-7983\" style=\"width:670px;height:auto\" srcset=\"https:\/\/toensfeldt-modellbau.de\/wp-content\/uploads\/2026\/02\/Kolbenstangen-H50-1.jpg 425w, https:\/\/toensfeldt-modellbau.de\/wp-content\/uploads\/2026\/02\/Kolbenstangen-H50-1-300x96.jpg 300w\" sizes=\"auto, (max-width: 425px) 100vw, 425px\" \/><\/a><\/figure>\n\n\n\n<figure class=\"wp-block-image size-full is-resized\"><a href=\"http:\/\/toensfeldt-modellbau.de\/wp-content\/uploads\/2026\/02\/Kolbenstangen-H50-2.jpg\"><img loading=\"lazy\" decoding=\"async\" width=\"425\" height=\"141\" src=\"http:\/\/toensfeldt-modellbau.de\/wp-content\/uploads\/2026\/02\/Kolbenstangen-H50-2.jpg\" alt=\"\" class=\"wp-image-7984\" style=\"width:670px;height:auto\" srcset=\"https:\/\/toensfeldt-modellbau.de\/wp-content\/uploads\/2026\/02\/Kolbenstangen-H50-2.jpg 425w, https:\/\/toensfeldt-modellbau.de\/wp-content\/uploads\/2026\/02\/Kolbenstangen-H50-2-300x100.jpg 300w\" sizes=\"auto, (max-width: 425px) 100vw, 425px\" \/><\/a><\/figure>\n\n\n\n<p>TMV Stapler H50 Kolbenstange Messing verzinkt.<\/p>\n\n\n\n<p>Art. Nr. Bestelltext:<\/p>\n\n\n\n<ul class=\"wp-block-list\">\n<li>020574 TMV Kolbenstangen H50 Messing Verzinkt<\/li>\n<\/ul>\n\n\n\n<p>Herstellerdaten gem\u00e4s GPSR<\/p>\n\n\n\n<p>Olaf T\u00f6nsfeldt<br>T\u00f6nsfeldt Modellbau Vertrieb<br>Nobiskr\u00fcger Allee 20<br>24768 Rendsburg<\/p>\n\n\n\n<p><strong>Deutschland<\/strong><br>Tel.: 0049 (0 ) 43 31\/ 51 95<br>E-Mail an: <a href=\"mailto:tmv@toensfeldt-modellbau.de\">tmv@toensfeldt-modellbau.de<\/a><\/p>\n\n\n\n<p><em><mark style=\"background-color:rgba(0, 0, 0, 0)\" class=\"has-inline-color has-blue-color\">Die namentliche Nennung von Herstellern und Produkten erfolgt nur zum Zweck der eindeutigen Bezeichnung der Artikel der einzelnen Hersteller. Einige der auf dieser Internetseite genannten Produktnamen sind eingetragene Warenzeichen bzw. unterliegen dem Copyright der jeweiligen Eigent\u00fcmer.<\/mark><\/em><\/p>\n","protected":false},"excerpt":{"rendered":"<p>TMV Neigezylinder f\u00fcr den Gabelstapler Robbe Linde H50 aus Messing mit Kolbenstange TMV Neigezylinder mit Kolbenstange f\u00fcr den Gabelstapler Robbe Linde H50 aus Messing. Der Neigezylinder wird aus einem Messingrohr auf die L\u00e4nge von 48 mm abgel\u00e4ngt und dann mit &hellip; <a href=\"https:\/\/toensfeldt-modellbau.de\/?page_id=7973\">Weiterlesen <span class=\"meta-nav\">&rarr;<\/span><\/a><\/p>\n","protected":false},"author":2,"featured_media":0,"parent":0,"menu_order":0,"comment_status":"closed","ping_status":"closed","template":"","meta":{"footnotes":""},"class_list":["post-7973","page","type-page","status-publish","hentry"],"_links":{"self":[{"href":"https:\/\/toensfeldt-modellbau.de\/index.php?rest_route=\/wp\/v2\/pages\/7973","targetHints":{"allow":["GET"]}}],"collection":[{"href":"https:\/\/toensfeldt-modellbau.de\/index.php?rest_route=\/wp\/v2\/pages"}],"about":[{"href":"https:\/\/toensfeldt-modellbau.de\/index.php?rest_route=\/wp\/v2\/types\/page"}],"author":[{"embeddable":true,"href":"https:\/\/toensfeldt-modellbau.de\/index.php?rest_route=\/wp\/v2\/users\/2"}],"replies":[{"embeddable":true,"href":"https:\/\/toensfeldt-modellbau.de\/index.php?rest_route=%2Fwp%2Fv2%2Fcomments&post=7973"}],"version-history":[{"count":7,"href":"https:\/\/toensfeldt-modellbau.de\/index.php?rest_route=\/wp\/v2\/pages\/7973\/revisions"}],"predecessor-version":[{"id":8121,"href":"https:\/\/toensfeldt-modellbau.de\/index.php?rest_route=\/wp\/v2\/pages\/7973\/revisions\/8121"}],"wp:attachment":[{"href":"https:\/\/toensfeldt-modellbau.de\/index.php?rest_route=%2Fwp%2Fv2%2Fmedia&parent=7973"}],"curies":[{"name":"wp","href":"https:\/\/api.w.org\/{rel}","templated":true}]}}