{"id":8028,"date":"2026-02-08T11:26:37","date_gmt":"2026-02-08T09:26:37","guid":{"rendered":"https:\/\/toensfeldt-modellbau.de\/?page_id=8028"},"modified":"2026-04-08T17:07:31","modified_gmt":"2026-04-08T15:07:31","slug":"gs-aufkleber-h50","status":"publish","type":"page","link":"https:\/\/toensfeldt-modellbau.de\/?page_id=8028","title":{"rendered":"GS H50 Aufkleber"},"content":{"rendered":"\n<figure class=\"wp-block-image size-full is-resized\"><a href=\"http:\/\/toensfeldt-modellbau.de\/wp-content\/uploads\/2026\/02\/Aufkleber-Int-3.jpg\"><img loading=\"lazy\" decoding=\"async\" width=\"539\" height=\"150\" src=\"http:\/\/toensfeldt-modellbau.de\/wp-content\/uploads\/2026\/02\/Aufkleber-Int-3.jpg\" alt=\"\" class=\"wp-image-8030\" style=\"aspect-ratio:3.5934567496184484;width:670px;height:auto\" srcset=\"https:\/\/toensfeldt-modellbau.de\/wp-content\/uploads\/2026\/02\/Aufkleber-Int-3.jpg 539w, https:\/\/toensfeldt-modellbau.de\/wp-content\/uploads\/2026\/02\/Aufkleber-Int-3-300x83.jpg 300w\" sizes=\"auto, (max-width: 539px) 100vw, 539px\" \/><\/a><\/figure>\n\n\n\n<p><br>TMV Aufklebersatz auf Wasserschiebefolie f\u00fcr den Gabelstapler Robbe Linde H50. Der Satz beinhaltet folgende Aufkleber: Achtung ( nicht unter der Zinke stehen &amp; nicht auf der Zinke sitzen ), 2 x 20 Kmh Schild, je 1 x Typ Bezeichnung f\u00fcr H50 &amp; H80 so wie Typen &amp; Bedienschilder. Es gibt den TMV Aufklebersatz in 3 Sprachen: Deutsch, Englisch und Franz\u00f6sisch.<\/p>\n\n\n\n<figure class=\"wp-block-image size-full is-resized\"><a href=\"http:\/\/toensfeldt-modellbau.de\/wp-content\/uploads\/2026\/02\/H50-2.jpg\"><img loading=\"lazy\" decoding=\"async\" width=\"425\" height=\"284\" src=\"http:\/\/toensfeldt-modellbau.de\/wp-content\/uploads\/2026\/02\/H50-2.jpg\" alt=\"\" class=\"wp-image-8036\" style=\"aspect-ratio:1.4965066074647217;width:664px;height:auto\" srcset=\"https:\/\/toensfeldt-modellbau.de\/wp-content\/uploads\/2026\/02\/H50-2.jpg 425w, https:\/\/toensfeldt-modellbau.de\/wp-content\/uploads\/2026\/02\/H50-2-300x200.jpg 300w\" sizes=\"auto, (max-width: 425px) 100vw, 425px\" \/><\/a><\/figure>\n\n\n\n<p>Achtung und Bezeichnung H50<\/p>\n\n\n\n<figure class=\"wp-block-image size-full is-resized\"><a href=\"http:\/\/toensfeldt-modellbau.de\/wp-content\/uploads\/2026\/02\/Typ-2.jpg\"><img loading=\"lazy\" decoding=\"async\" width=\"425\" height=\"283\" src=\"http:\/\/toensfeldt-modellbau.de\/wp-content\/uploads\/2026\/02\/Typ-2.jpg\" alt=\"\" class=\"wp-image-8037\" style=\"aspect-ratio:1.5017931927422432;width:670px;height:auto\" srcset=\"https:\/\/toensfeldt-modellbau.de\/wp-content\/uploads\/2026\/02\/Typ-2.jpg 425w, https:\/\/toensfeldt-modellbau.de\/wp-content\/uploads\/2026\/02\/Typ-2-300x200.jpg 300w\" sizes=\"auto, (max-width: 425px) 100vw, 425px\" \/><\/a><\/figure>\n\n\n\n<p>Kmh und Typenschildt<\/p>\n\n\n\n<figure class=\"wp-block-image size-full is-resized\"><a href=\"http:\/\/toensfeldt-modellbau.de\/wp-content\/uploads\/2026\/02\/Aufkleber-Int-DE.jpg\"><img loading=\"lazy\" decoding=\"async\" width=\"425\" height=\"375\" src=\"http:\/\/toensfeldt-modellbau.de\/wp-content\/uploads\/2026\/02\/Aufkleber-Int-DE.jpg\" alt=\"\" class=\"wp-image-8031\" style=\"aspect-ratio:1.1333201458442683;width:670px;height:auto\" srcset=\"https:\/\/toensfeldt-modellbau.de\/wp-content\/uploads\/2026\/02\/Aufkleber-Int-DE.jpg 425w, https:\/\/toensfeldt-modellbau.de\/wp-content\/uploads\/2026\/02\/Aufkleber-Int-DE-300x265.jpg 300w\" sizes=\"auto, (max-width: 425px) 100vw, 425px\" \/><\/a><\/figure>\n\n\n\n<p>Anleitung Deutsch:<\/p>\n\n\n\n<p>Aufkleber ausschneiden in Warmes Wasser legen f\u00fcr ca. 20-30 Sec. dann raus-nehmen. Schieben Sie den Aufkleber von dem Tr\u00e4ger runter auf die Stelle wo er hin soll ausrichten und dann andr\u00fccken bis das Wasser unter dem Aufkleber raus ist. Mit einem Tuch das restliche Wasser aufnehmen und mit dem Tuch noch mal andr\u00fccken. Zum sicheren Halt k\u00f6nnen Sie den Aufkleber mit Klarlack \u00fcberziehen.<\/p>\n\n\n\n<figure class=\"wp-block-image size-full is-resized\"><a href=\"http:\/\/toensfeldt-modellbau.de\/wp-content\/uploads\/2026\/02\/Aufkleber-Int-GB.jpg\"><img loading=\"lazy\" decoding=\"async\" width=\"425\" height=\"367\" src=\"http:\/\/toensfeldt-modellbau.de\/wp-content\/uploads\/2026\/02\/Aufkleber-Int-GB.jpg\" alt=\"\" class=\"wp-image-8033\" style=\"width:670px;height:auto\" srcset=\"https:\/\/toensfeldt-modellbau.de\/wp-content\/uploads\/2026\/02\/Aufkleber-Int-GB.jpg 425w, https:\/\/toensfeldt-modellbau.de\/wp-content\/uploads\/2026\/02\/Aufkleber-Int-GB-300x259.jpg 300w\" sizes=\"auto, (max-width: 425px) 100vw, 425px\" \/><\/a><\/figure>\n\n\n\n<p>Anleitung Englisch:<\/p>\n\n\n\n<p>Cut out stickers and place in warm water for approx. 20-30 seconds. then take it out. Slide the sticker down from the backing to where you want it to go and then press until the water comes out from under the sticker. Use a cloth to absorb the remaining water and press it down again with the cloth. To ensure a secure hold, you can cover the sticker with clear varnish.<\/p>\n\n\n\n<figure class=\"wp-block-image size-full is-resized\"><a href=\"http:\/\/toensfeldt-modellbau.de\/wp-content\/uploads\/2026\/02\/Aufkleber-Int-F.jpg\"><img loading=\"lazy\" decoding=\"async\" width=\"425\" height=\"361\" src=\"http:\/\/toensfeldt-modellbau.de\/wp-content\/uploads\/2026\/02\/Aufkleber-Int-F.jpg\" alt=\"\" class=\"wp-image-8032\" style=\"aspect-ratio:1.1772975377659738;width:670px;height:auto\" srcset=\"https:\/\/toensfeldt-modellbau.de\/wp-content\/uploads\/2026\/02\/Aufkleber-Int-F.jpg 425w, https:\/\/toensfeldt-modellbau.de\/wp-content\/uploads\/2026\/02\/Aufkleber-Int-F-300x255.jpg 300w\" sizes=\"auto, (max-width: 425px) 100vw, 425px\" \/><\/a><\/figure>\n\n\n\n<p>Anleitung Franz\u00f6sisch:<\/p>\n\n\n\n<p>D\u00e9coupez les autocollants et placez-les dans l&#8217;eau ti\u00e8de pendant env. 20-30 secondes. puis retirez-le. Faites glisser l&#8217;autocollant vers le bas du support jusqu&#8217;\u00e0 l&#8217;endroit o\u00f9 vous souhaitez qu&#8217;il aille, puis appuyez jusqu&#8217;\u00e0 ce que l&#8217;eau sorte du dessous de l&#8217;autocollant. Utilisez un chiffon pour absorber l&#8217;eau restante et appuyez \u00e0 nouveau avec le chiffon. Pour garantir un maintien s\u00fbr, vous pouvez recouvrir l&#8217;autocollant de vernis transparent.<\/p>\n\n\n\n<p>Art. Nr. Bestelltext<\/p>\n\n\n\n<ul class=\"wp-block-list\">\n<li>020546    TMV Aufklebersatz H50 Deutsch<\/li>\n\n\n\n<li>020546E TMV Aufklebersatz H50 Englisch<\/li>\n\n\n\n<li>020546F TMV Aufklebersatz H50 Deutsch<\/li>\n<\/ul>\n\n\n\n<p>Herstellerdaten gem\u00e4s GPSR<\/p>\n\n\n\n<p>Olaf T\u00f6nsfeldt<br>T\u00f6nsfeldt Modellbau Vertrieb<br>Nobiskr\u00fcger Allee 20<br>24768 Rendsburg<\/p>\n\n\n\n<p><strong>Deutschland<\/strong><br>Tel.: 0049 (0 ) 43 31\/ 51 95<br>E-Mail an: <a href=\"mailto:tmv@toensfeldt-modellbau.de\">tmv@toensfeldt-modellbau.de<\/a><\/p>\n\n\n\n<p><em><mark style=\"background-color:rgba(0, 0, 0, 0)\" class=\"has-inline-color has-blue-color\">Die namentliche Nennung von Herstellern und Produkten erfolgt nur zum Zweck der eindeutigen Bezeichnung der Artikel der einzelnen Hersteller. Einige der auf dieser Internetseite genannten Produktnamen sind eingetragene Warenzeichen bzw. unterliegen dem Copyright der jeweiligen Eigent\u00fcmer.<\/mark><\/em><\/p>\n","protected":false},"excerpt":{"rendered":"<p>TMV Aufklebersatz auf Wasserschiebefolie f\u00fcr den Gabelstapler Robbe Linde H50. Der Satz beinhaltet folgende Aufkleber: Achtung ( nicht unter der Zinke stehen &amp; nicht auf der Zinke sitzen ), 2 x 20 Kmh Schild, je 1 x Typ Bezeichnung f\u00fcr &hellip; <a href=\"https:\/\/toensfeldt-modellbau.de\/?page_id=8028\">Weiterlesen <span class=\"meta-nav\">&rarr;<\/span><\/a><\/p>\n","protected":false},"author":2,"featured_media":0,"parent":0,"menu_order":0,"comment_status":"closed","ping_status":"closed","template":"","meta":{"footnotes":""},"class_list":["post-8028","page","type-page","status-publish","hentry"],"_links":{"self":[{"href":"https:\/\/toensfeldt-modellbau.de\/index.php?rest_route=\/wp\/v2\/pages\/8028","targetHints":{"allow":["GET"]}}],"collection":[{"href":"https:\/\/toensfeldt-modellbau.de\/index.php?rest_route=\/wp\/v2\/pages"}],"about":[{"href":"https:\/\/toensfeldt-modellbau.de\/index.php?rest_route=\/wp\/v2\/types\/page"}],"author":[{"embeddable":true,"href":"https:\/\/toensfeldt-modellbau.de\/index.php?rest_route=\/wp\/v2\/users\/2"}],"replies":[{"embeddable":true,"href":"https:\/\/toensfeldt-modellbau.de\/index.php?rest_route=%2Fwp%2Fv2%2Fcomments&post=8028"}],"version-history":[{"count":7,"href":"https:\/\/toensfeldt-modellbau.de\/index.php?rest_route=\/wp\/v2\/pages\/8028\/revisions"}],"predecessor-version":[{"id":8126,"href":"https:\/\/toensfeldt-modellbau.de\/index.php?rest_route=\/wp\/v2\/pages\/8028\/revisions\/8126"}],"wp:attachment":[{"href":"https:\/\/toensfeldt-modellbau.de\/index.php?rest_route=%2Fwp%2Fv2%2Fmedia&parent=8028"}],"curies":[{"name":"wp","href":"https:\/\/api.w.org\/{rel}","templated":true}]}}