{"id":8093,"date":"2026-04-08T14:13:40","date_gmt":"2026-04-08T12:13:40","guid":{"rendered":"https:\/\/toensfeldt-modellbau.de\/?page_id=8093"},"modified":"2026-04-08T16:42:28","modified_gmt":"2026-04-08T14:42:28","slug":"gs-h50-gegengewicht","status":"publish","type":"page","link":"https:\/\/toensfeldt-modellbau.de\/?page_id=8093","title":{"rendered":"GS H50 Gegengewicht"},"content":{"rendered":"\n<figure class=\"wp-block-image size-full is-resized\"><a href=\"http:\/\/toensfeldt-modellbau.de\/wp-content\/uploads\/2026\/04\/TMV-020516-1.jpg\"><img loading=\"lazy\" decoding=\"async\" width=\"567\" height=\"235\" src=\"http:\/\/toensfeldt-modellbau.de\/wp-content\/uploads\/2026\/04\/TMV-020516-1.jpg\" alt=\"\" class=\"wp-image-8095\" style=\"width:670px;height:auto\" srcset=\"https:\/\/toensfeldt-modellbau.de\/wp-content\/uploads\/2026\/04\/TMV-020516-1.jpg 567w, https:\/\/toensfeldt-modellbau.de\/wp-content\/uploads\/2026\/04\/TMV-020516-1-300x124.jpg 300w\" sizes=\"auto, (max-width: 567px) 100vw, 567px\" \/><\/a><\/figure>\n\n\n\n<p>TMV Gegengewicht f\u00fcr den Robbe Gabelstapler Linde H50. Nachbau des Gegengewicht f\u00fcr den H50 mit allen Gewinden und Ausfr\u00e4sungen wie beim Original. Stahl gefr\u00e4st und gebohrt danach als Rostschutz geh\u00e4rtet.<\/p>\n\n\n\n<figure class=\"wp-block-image size-full is-resized\"><a href=\"http:\/\/toensfeldt-modellbau.de\/wp-content\/uploads\/2026\/04\/TMV-020516-3.jpg\"><img loading=\"lazy\" decoding=\"async\" width=\"425\" height=\"236\" src=\"http:\/\/toensfeldt-modellbau.de\/wp-content\/uploads\/2026\/04\/TMV-020516-3.jpg\" alt=\"\" class=\"wp-image-8097\" style=\"aspect-ratio:1.8008332804269;width:670px;height:auto\" srcset=\"https:\/\/toensfeldt-modellbau.de\/wp-content\/uploads\/2026\/04\/TMV-020516-3.jpg 425w, https:\/\/toensfeldt-modellbau.de\/wp-content\/uploads\/2026\/04\/TMV-020516-3-300x167.jpg 300w\" sizes=\"auto, (max-width: 425px) 100vw, 425px\" \/><\/a><\/figure>\n\n\n\n<figure class=\"wp-block-image size-full is-resized\"><a href=\"http:\/\/toensfeldt-modellbau.de\/wp-content\/uploads\/2026\/04\/TMV-020516-2.jpg\"><img loading=\"lazy\" decoding=\"async\" width=\"425\" height=\"741\" src=\"http:\/\/toensfeldt-modellbau.de\/wp-content\/uploads\/2026\/04\/TMV-020516-2.jpg\" alt=\"\" class=\"wp-image-8096\" style=\"width:670px;height:auto\" srcset=\"https:\/\/toensfeldt-modellbau.de\/wp-content\/uploads\/2026\/04\/TMV-020516-2.jpg 425w, https:\/\/toensfeldt-modellbau.de\/wp-content\/uploads\/2026\/04\/TMV-020516-2-172x300.jpg 172w\" sizes=\"auto, (max-width: 425px) 100vw, 425px\" \/><\/a><\/figure>\n\n\n\n<p>Technische Ma\u00dfe Gegengewicht:<\/p>\n\n\n\n<ul class=\"wp-block-list\">\n<li>L\u00e4nge: ca. 88 mm<\/li>\n\n\n\n<li>Breite: ca. 30 mm<\/li>\n\n\n\n<li>H\u00f6he: ca. 30 mm<\/li>\n\n\n\n<li>Gewicht: ca. 555 Gr.<\/li>\n<\/ul>\n\n\n\n<p>Art. Nr. Bestelltext:<\/p>\n\n\n\n<ul class=\"wp-block-list\">\n<li>020516 TMV Gegengewicht Stapler H50<\/li>\n<\/ul>\n\n\n\n<p>Herstellerdaten gem\u00e4s GPSR<\/p>\n\n\n\n<p>Olaf T\u00f6nsfeldt<br>T\u00f6nsfeldt Modellbau Vertrieb<br>Nobiskr\u00fcger Allee 20<br>24768 Rendsburg<\/p>\n\n\n\n<p><strong>Deutschland<\/strong><br>Tel.: 0049 (0 ) 43 31\/ 51 95<br>E-Mail an: <a href=\"mailto:tmv@toensfeldt-modellbau.de\">tmv@toensfeldt-modellbau.de<\/a><\/p>\n\n\n\n<p><em><mark style=\"background-color:rgba(0, 0, 0, 0)\" class=\"has-inline-color has-blue-color\">Die namentliche Nennung von Herstellern und Produkten erfolgt nur zum Zweck der eindeutigen Bezeichnung der Artikel der einzelnen Hersteller. Einige der auf dieser Internetseite genannten Produktnamen sind eingetragene Warenzeichen bzw. unterliegen dem Copyright der jeweiligen Eigent\u00fcmer.<\/mark><\/em><\/p>\n","protected":false},"excerpt":{"rendered":"<p>TMV Gegengewicht f\u00fcr den Robbe Gabelstapler Linde H50. Nachbau des Gegengewicht f\u00fcr den H50 mit allen Gewinden und Ausfr\u00e4sungen wie beim Original. Stahl gefr\u00e4st und gebohrt danach als Rostschutz geh\u00e4rtet. Technische Ma\u00dfe Gegengewicht: Art. Nr. Bestelltext: Herstellerdaten gem\u00e4s GPSR Olaf &hellip; <a href=\"https:\/\/toensfeldt-modellbau.de\/?page_id=8093\">Weiterlesen <span class=\"meta-nav\">&rarr;<\/span><\/a><\/p>\n","protected":false},"author":2,"featured_media":0,"parent":0,"menu_order":0,"comment_status":"closed","ping_status":"closed","template":"","meta":{"footnotes":""},"class_list":["post-8093","page","type-page","status-publish","hentry"],"_links":{"self":[{"href":"https:\/\/toensfeldt-modellbau.de\/index.php?rest_route=\/wp\/v2\/pages\/8093","targetHints":{"allow":["GET"]}}],"collection":[{"href":"https:\/\/toensfeldt-modellbau.de\/index.php?rest_route=\/wp\/v2\/pages"}],"about":[{"href":"https:\/\/toensfeldt-modellbau.de\/index.php?rest_route=\/wp\/v2\/types\/page"}],"author":[{"embeddable":true,"href":"https:\/\/toensfeldt-modellbau.de\/index.php?rest_route=\/wp\/v2\/users\/2"}],"replies":[{"embeddable":true,"href":"https:\/\/toensfeldt-modellbau.de\/index.php?rest_route=%2Fwp%2Fv2%2Fcomments&post=8093"}],"version-history":[{"count":4,"href":"https:\/\/toensfeldt-modellbau.de\/index.php?rest_route=\/wp\/v2\/pages\/8093\/revisions"}],"predecessor-version":[{"id":8120,"href":"https:\/\/toensfeldt-modellbau.de\/index.php?rest_route=\/wp\/v2\/pages\/8093\/revisions\/8120"}],"wp:attachment":[{"href":"https:\/\/toensfeldt-modellbau.de\/index.php?rest_route=%2Fwp%2Fv2%2Fmedia&parent=8093"}],"curies":[{"name":"wp","href":"https:\/\/api.w.org\/{rel}","templated":true}]}}