{"id":8152,"date":"2026-05-09T16:00:51","date_gmt":"2026-05-09T14:00:51","guid":{"rendered":"https:\/\/toensfeldt-modellbau.de\/?page_id=8152"},"modified":"2026-05-09T16:01:32","modified_gmt":"2026-05-09T14:01:32","slug":"schluesselsaetze","status":"publish","type":"page","link":"https:\/\/toensfeldt-modellbau.de\/?page_id=8152","title":{"rendered":"Schl\u00fcssels\u00e4tze"},"content":{"rendered":"\n<figure class=\"wp-block-image size-full is-resized\"><a href=\"http:\/\/toensfeldt-modellbau.de\/wp-content\/uploads\/2026\/05\/Werkzeugkasten-1.jpg\"><img loading=\"lazy\" decoding=\"async\" width=\"567\" height=\"472\" src=\"http:\/\/toensfeldt-modellbau.de\/wp-content\/uploads\/2026\/05\/Werkzeugkasten-1.jpg\" alt=\"\" class=\"wp-image-8150\" style=\"width:670px;height:auto\" srcset=\"https:\/\/toensfeldt-modellbau.de\/wp-content\/uploads\/2026\/05\/Werkzeugkasten-1.jpg 567w, https:\/\/toensfeldt-modellbau.de\/wp-content\/uploads\/2026\/05\/Werkzeugkasten-1-300x250.jpg 300w\" sizes=\"auto, (max-width: 567px) 100vw, 567px\" \/><\/a><\/figure>\n\n\n\n<p>Die TMV Werkzeugs\u00e4tze sind aus Messing gegossen geschliffen verzinkt oder br\u00fcniert in schwarz. Es gibt 8 Mauelschl\u00fcssel, 7 Ringschl\u00fcssel und 6 Engl\u00e4nderschl\u00fcssel.<\/p>\n\n\n\n<figure class=\"wp-block-image size-full is-resized\"><a href=\"http:\/\/toensfeldt-modellbau.de\/wp-content\/uploads\/2026\/05\/2-Ringschluesselsaetze-Kasten.jpg\"><img loading=\"lazy\" decoding=\"async\" width=\"567\" height=\"510\" src=\"http:\/\/toensfeldt-modellbau.de\/wp-content\/uploads\/2026\/05\/2-Ringschluesselsaetze-Kasten.jpg\" alt=\"\" class=\"wp-image-8146\" style=\"width:670px;height:auto\" srcset=\"https:\/\/toensfeldt-modellbau.de\/wp-content\/uploads\/2026\/05\/2-Ringschluesselsaetze-Kasten.jpg 567w, https:\/\/toensfeldt-modellbau.de\/wp-content\/uploads\/2026\/05\/2-Ringschluesselsaetze-Kasten-300x270.jpg 300w\" sizes=\"auto, (max-width: 567px) 100vw, 567px\" \/><\/a><\/figure>\n\n\n\n<figure class=\"wp-block-image size-full is-resized\"><a href=\"http:\/\/toensfeldt-modellbau.de\/wp-content\/uploads\/2026\/05\/2-Maulschluesselsaetze.jpg\"><img loading=\"lazy\" decoding=\"async\" width=\"425\" height=\"289\" src=\"http:\/\/toensfeldt-modellbau.de\/wp-content\/uploads\/2026\/05\/2-Maulschluesselsaetze.jpg\" alt=\"\" class=\"wp-image-8151\" style=\"width:670px;height:auto\" srcset=\"https:\/\/toensfeldt-modellbau.de\/wp-content\/uploads\/2026\/05\/2-Maulschluesselsaetze.jpg 425w, https:\/\/toensfeldt-modellbau.de\/wp-content\/uploads\/2026\/05\/2-Maulschluesselsaetze-300x204.jpg 300w\" sizes=\"auto, (max-width: 425px) 100vw, 425px\" \/><\/a><\/figure>\n\n\n\n<p>Mauelsch\u00fcssel verzinkt und br\u00fcniert<\/p>\n\n\n\n<figure class=\"wp-block-image size-full is-resized\"><a href=\"http:\/\/toensfeldt-modellbau.de\/wp-content\/uploads\/2026\/05\/2-Ringschluesselsaetze.jpg\"><img loading=\"lazy\" decoding=\"async\" width=\"567\" height=\"346\" src=\"http:\/\/toensfeldt-modellbau.de\/wp-content\/uploads\/2026\/05\/2-Ringschluesselsaetze.jpg\" alt=\"\" class=\"wp-image-8145\" style=\"width:670px;height:auto\" srcset=\"https:\/\/toensfeldt-modellbau.de\/wp-content\/uploads\/2026\/05\/2-Ringschluesselsaetze.jpg 567w, https:\/\/toensfeldt-modellbau.de\/wp-content\/uploads\/2026\/05\/2-Ringschluesselsaetze-300x183.jpg 300w\" sizes=\"auto, (max-width: 567px) 100vw, 567px\" \/><\/a><\/figure>\n\n\n\n<p>Ringschl\u00fcssel verzinkt und br\u00fcniert<\/p>\n\n\n\n<figure class=\"wp-block-image size-full is-resized\"><a href=\"http:\/\/toensfeldt-modellbau.de\/wp-content\/uploads\/2026\/05\/2-Englaendersaetze.jpg\"><img loading=\"lazy\" decoding=\"async\" width=\"567\" height=\"353\" src=\"http:\/\/toensfeldt-modellbau.de\/wp-content\/uploads\/2026\/05\/2-Englaendersaetze.jpg\" alt=\"\" class=\"wp-image-8144\" style=\"width:670px;height:auto\" srcset=\"https:\/\/toensfeldt-modellbau.de\/wp-content\/uploads\/2026\/05\/2-Englaendersaetze.jpg 567w, https:\/\/toensfeldt-modellbau.de\/wp-content\/uploads\/2026\/05\/2-Englaendersaetze-300x187.jpg 300w\" sizes=\"auto, (max-width: 567px) 100vw, 567px\" \/><\/a><\/figure>\n\n\n\n<p>Engl\u00e4nderschl\u00fcssel verzinkt und br\u00fcniert.<\/p>\n\n\n\n<p>Art. Nr. Bestelltext:<\/p>\n\n\n\n<ul class=\"wp-block-list\">\n<li><mark style=\"background-color:rgba(0, 0, 0, 0)\" class=\"has-inline-color has-blue-color\">060000<\/mark> Werkzeugsatz Maulschl\u00fcssel verzinkt<\/li>\n\n\n\n<li><mark style=\"background-color:rgba(0, 0, 0, 0)\" class=\"has-inline-color has-blue-color\">060001  <\/mark>Werkzeugsatz Maulschl\u00fcssel br\u00fcniert<\/li>\n\n\n\n<li><mark style=\"background-color:rgba(0, 0, 0, 0)\" class=\"has-inline-color has-blue-color\">060002<\/mark>  Werkzeugsatz Ringschl\u00fcssel verzinkt<\/li>\n\n\n\n<li><mark style=\"background-color:rgba(0, 0, 0, 0)\" class=\"has-inline-color has-blue-color\">060003<\/mark>  Werkzeugsatz Ringschl\u00fcssel br\u00fcniert<\/li>\n\n\n\n<li><mark style=\"background-color:rgba(0, 0, 0, 0)\" class=\"has-inline-color has-blue-color\">060004<\/mark>  Werkzeugsatz Engl\u00e4nder verzinkt<\/li>\n\n\n\n<li><mark style=\"background-color:rgba(0, 0, 0, 0)\" class=\"has-inline-color has-blue-color\">060005<\/mark>  Werkzeugsatz Engl\u00e4nder br\u00fcniert<\/li>\n<\/ul>\n\n\n\n<p>Herstellerdaten gem\u00e4s GPSR<\/p>\n\n\n\n<p>Olaf T\u00f6nsfeldt<br>T\u00f6nsfeldt Modellbau Vertrieb<br>Nobiskr\u00fcger Allee 20<br>24768 Rendsburg<\/p>\n\n\n\n<p><strong>Deutschland<\/strong><br>Tel.: 0049 (0 ) 43 31\/ 51 95<br>E-Mail an: <a href=\"mailto:tmv@toensfeldt-modellbau.de\">tmv@toensfeldt-modellbau.de<\/a><\/p>\n","protected":false},"excerpt":{"rendered":"<p>Die TMV Werkzeugs\u00e4tze sind aus Messing gegossen geschliffen verzinkt oder br\u00fcniert in schwarz. Es gibt 8 Mauelschl\u00fcssel, 7 Ringschl\u00fcssel und 6 Engl\u00e4nderschl\u00fcssel. Mauelsch\u00fcssel verzinkt und br\u00fcniert Ringschl\u00fcssel verzinkt und br\u00fcniert Engl\u00e4nderschl\u00fcssel verzinkt und br\u00fcniert. Art. Nr. Bestelltext: Herstellerdaten gem\u00e4s GPSR &hellip; <a href=\"https:\/\/toensfeldt-modellbau.de\/?page_id=8152\">Weiterlesen <span class=\"meta-nav\">&rarr;<\/span><\/a><\/p>\n","protected":false},"author":2,"featured_media":0,"parent":0,"menu_order":0,"comment_status":"closed","ping_status":"closed","template":"","meta":{"footnotes":""},"class_list":["post-8152","page","type-page","status-publish","hentry"],"_links":{"self":[{"href":"https:\/\/toensfeldt-modellbau.de\/index.php?rest_route=\/wp\/v2\/pages\/8152","targetHints":{"allow":["GET"]}}],"collection":[{"href":"https:\/\/toensfeldt-modellbau.de\/index.php?rest_route=\/wp\/v2\/pages"}],"about":[{"href":"https:\/\/toensfeldt-modellbau.de\/index.php?rest_route=\/wp\/v2\/types\/page"}],"author":[{"embeddable":true,"href":"https:\/\/toensfeldt-modellbau.de\/index.php?rest_route=\/wp\/v2\/users\/2"}],"replies":[{"embeddable":true,"href":"https:\/\/toensfeldt-modellbau.de\/index.php?rest_route=%2Fwp%2Fv2%2Fcomments&post=8152"}],"version-history":[{"count":2,"href":"https:\/\/toensfeldt-modellbau.de\/index.php?rest_route=\/wp\/v2\/pages\/8152\/revisions"}],"predecessor-version":[{"id":8154,"href":"https:\/\/toensfeldt-modellbau.de\/index.php?rest_route=\/wp\/v2\/pages\/8152\/revisions\/8154"}],"wp:attachment":[{"href":"https:\/\/toensfeldt-modellbau.de\/index.php?rest_route=%2Fwp%2Fv2%2Fmedia&parent=8152"}],"curies":[{"name":"wp","href":"https:\/\/api.w.org\/{rel}","templated":true}]}}