{"id":898,"date":"2013-11-25T14:25:23","date_gmt":"2013-11-25T12:25:23","guid":{"rendered":"http:\/\/toensfeldt-modellbau.de\/?page_id=898"},"modified":"2021-06-26T10:59:07","modified_gmt":"2021-06-26T08:59:07","slug":"agb","status":"publish","type":"page","link":"https:\/\/toensfeldt-modellbau.de\/?page_id=898","title":{"rendered":"AGB \/ Widerrufsrecht"},"content":{"rendered":"<p>Vertragssprache ist Deutsch<\/p>\n<p>I. Auftragsertellung:<strong><br \/>\n<\/strong>Ein Auftrag gilt erst als erteilt, wenn er von uns schriftlich best\u00e4tigt ist. Erg\u00e4nzungen, Ab\u00e4nderungen oder m\u00fcndliche Nebenabreden bed\u00fcrfen zu ihrer Wirksamkeit unserer schriftlichen Best\u00e4tigung. Einmal erteilte Auftr\u00e4ge sind unwiderruflich. Die in den Drucksachen enthaltenen Angaben betr. Ma\u00dfe und Gewichte sowie die Abbildungen und Beschreibungen sind im Zuge der stetigen Weiterentwicklung und Verbesserung nur ann\u00e4hernd ma\u00dfgebend, ohne dass eine Verbindlichkeit zur Benachrichtigung \u00fcber erfolgte Ab\u00e4nderungen besteht. An Abbildungen, Zeichnungen, Skizzen und sonstigen Unterlagen behalten wir uns Eigentums &#8211; und Urheberrecht vor; sie d\u00fcrfen ohne unsere Genehmigung anderen nicht zug\u00e4ngig gemacht werden und sind auf Verlangen unverz\u00fcglich zur\u00fcckzusenden. Der Besteller \u00fcbernimmt f\u00fcr die von ihm zu liefernden Unterlagen wie Zeichnungen, Lehren, Muster etc. volle Verbindlichkeit. M\u00fcndliche Angaben \u00fcber Abmessungen und dergleichen bed\u00fcrfen der schriftlichen Best\u00e4tigung. Muster werden nur gegen Berechnung geliefert.<\/p>\n<p>II. Werkzeugkosten:<br \/>\nDer Besteller erwirbt auch f\u00fcr den Fall , dass er zur Zahlung eines Anteils an den Werkzeugkosten verpflichtet ist, keinen Anspruch auf \u00dcberlassung der Fertigungsmittel nach Beendigung des Auftrages.<\/p>\n<p>III. Lieferzeit:<br \/>\nDie Lieferzeit wird gerechnet vom Tage der Auftragsbest\u00e4tigung an, bzw. ab Kl\u00e4rung s\u00e4mtlicher technischer Fragen bis zur Absendung der Ware. Ihre Einhaltung setzt die Erf\u00fcllung der Vertragspflichten des Bestellers, insbesondere der vereinbarten Zahlungsbedingungen sowie den rechtzeitigen Eingang s\u00e4mtlicher vom Besteller zu liefernden Unterlagen voraus. Unvorhergesehene Hindernisse gleichviel, ob sie in unserem Hause, bei unserem Lieferwerk oder dessen Unterlieferanten eintreten wie: F\u00e4lle h\u00f6herer Gewalt, Ausschuss werden oder andere unverschuldete Verz\u00f6gerungen in der Fertigstellung wesentlicher Lieferteile, allgemeine Schwierigkeiten in der Materialbeschaffung, Betriebsst\u00f6rungen, Verz\u00f6gerungen bei der Bef\u00f6rderung etc. entbinden uns von der Einhaltung der vereinbarten Lieferfristen. \u00dcber den Eintritt derartiger Hindernisse werden wir den Besteller m\u00f6glichst unterrichten. Die Lieferzeit ist in solchen F\u00e4llen angemessen zu verl\u00e4ngern. Teillieferungen sind dabei auf Kosten des Bestellers gestattet. Die vorgezeichneten Umst\u00e4nde sind auch dann nicht von uns zu vertreten, wenn sie w\u00e4hrend eines bereits vorhandenen Lieferverzuges eintreten.<\/p>\n<p>IV. Versand:<br \/>\nDer Versand erfolgt auf Gefahr des Bestellers. Auf dem Transport abhanden gekommene oder besch\u00e4digte Waren werden von uns nur aufgrund einer neuen Bestellung gegen Berechnung der jeweils g\u00fcltigen Preise ersetzt. Versicherung gegen Transportsch\u00e4den wird nur vorgenommen, wenn der Besteller dies ausdr\u00fccklich vorschreibt und gleichzeitig die Kosten \u00fcbernimmt.<br \/>\nAbweichungen von dem Lieferschein oder der Rechnung sind uns sofort nach Empfang der Ware schriftlich zu melden. Auf dem Transportweg entstandene Sch\u00e4den sind unter Beachtung der erforderlichen Sorgfalt im eigenen Interesse vom jeweiligen Transportunternehmen bescheinigen zu lassen, damit gegebenenfalls Regressanspr\u00fcche geltend gemacht werden k\u00f6nnen.<\/p>\n<p>V. M\u00e4ngelhaftung:<br \/>\nFehlerhafte Waren und Teile werden innerhalb der gesetzlichen Verj\u00e4hrungsfrist kostenlos ersetzt, wenn einwandfrei festzustellen ist, dass etwa ein \u00c4u\u00dferlich nicht erkennbarer Materialfehler die Ursache der Beanstandung darstellt.<br \/>\nBei der Bearbeitung eingesandten Materials, sei es Zerspahnung, W\u00e4rmebehandlung, Schleifen u. a. &#8211; haftet der Lieferer nicht f\u00fcr M\u00e4ngel die sich daraus ergeben, dass der Besteller falsche Materialangaben gemacht oder fehlerhaftes Material geliefert hat. Der Lieferer hat auch in diesem Fall Anspruch auf die vereinbarte Leistung. Die Kosten f\u00fcr erforderliche Materialuntersuchungen tr\u00e4gt der Besteller. F\u00fcr M\u00e4ngelsch\u00e4den, die der Lieferer zu vertreten hat, leistet er nur Ersatz bis zur H\u00f6he des Behandlungslohnes. Nach der Wahl des Bestellers wird der Lieferer in diesem Fall den Betrag entweder gutschreiben oder entsprechende Werkst\u00fccke kostenlos behandeln. Die Gew\u00e4hrleistungsfristen und -beschr\u00e4nkungen gelten auch f\u00fcr eine etwaige Nachbehandlung. Sind beanstandete Werkst\u00fccke ohne schriftliches Einvernehmen des Lieferers be- oder weiterverarbeitet worden, erlischt die Gew\u00e4hrleistungspflicht.<br \/>\nDurch etwa seitens des Bestellers oder Dritter unsachgem\u00e4\u00df ohne vorherige Genehmigung des Lieferers vorgenommene \u00c4nderungen oder Instandsetzungsarbeiten wird die Haftung f\u00fcr die daraus entstehenden Folgen aufgehoben.<br \/>\nDie M\u00e4ngelhaftung entf\u00e4llt, wenn der Besteller ohne unsere Zustimmung Nachbesserungsarbeiten vorgenommen hat. Bei den zur Fertigstellung, Aufarbeitung oder Umarbeitung eingesandten Waren, auch bei solchen, die aus den Werkst\u00e4tten unserer Lieferwerke stammen, wird keinerlei Haftung f\u00fcr das Verhalten beim H\u00e4rten und bei der Bearbeitung \u00fcbernommen. Wird das Material w\u00e4hrend der Bearbeitung schadhaft, so ist uns ein entsprechender Teil der entstehenden Kosten zu verg\u00fcten.<br \/>\nZur Vornahme aller dem Lieferer nach billigem Ermessen notwendig erscheinenden Nachbesserungen und Ersatzlieferungen hat der Besteller nach Verst\u00e4ndigung mit dem Lieferer die erforderliche Zeit und Gelegenheit zu geben, sonst ist der Lieferer von der M\u00e4ngelhaftung befreit. Nur in dringenden F\u00e4llen der Gef\u00e4hrdung der Betriebssicherheit und zur Abwehr unverh\u00e4ltnism\u00e4\u00dfig gro\u00dfer Sch\u00e4den, wobei der Lieferer sofort zu verst\u00e4ndigen ist, oder wenn der Lieferer mit der Beseitigung des Mangels im Verzug ist, hat der Besteller das Recht, den Mangel selbst oder durch Dritte beseitigen zu lassen und vom Lieferer Ersatz der notwendigen Kosten zu verlangen.<br \/>\nBei unberechtigten M\u00e4ngelr\u00fcgen, die umfangreiche Nachpr\u00fcfungen verursachen, k\u00f6nnen die Kosten der Pr\u00fcfung dem Besteller berechnet werden.<br \/>\nSonderanfertigungen sind vom Umtausch ausgeschlossen.<\/p>\n<p>Vl. Zahlungsbedingungen:<br \/>\nDie Zahlungen sind bar f\u00e4llig bei Waren\u00fcbernahme. Andere Zahlungen sowie Nachl\u00e4sse bed\u00fcrfen der besonderen Vereinbahrung, Beanstandungen k\u00f6nnen nur innerhalb von 8 Tagen nach Empfang der Ware ber\u00fccksichtigt werden. Bei R\u00fccknahme gelieferter Ware werden 10%, mindestens aber 10 \u20ac f\u00fcr Lager und Buchungskosten berechnet.<br \/>\nWir sind nur zur Entgegennahme von Zahlungsmitteln verpflichtet, deren sofortige Verwertung uns ohne Verlust und Unkosten m\u00f6glich ist. Die Entgegennahme anderer Zahlungsmittel ist unserem freien Ermessen \u00fcberlassen, wenn der Besteller sich zur Zahlung etwa entstehender Kosten verpflichtet. Bank\u00fcberweisungen, Schecks, diskontf\u00e4hige Wechsel usw. gelten erst nach Gutschrift als Zahlung. Vorauszahlungen oder Anzahlungen werden nicht verzinst.<br \/>\nBei versp\u00e4teter Zahlung werden unter Vorbehalt der Geltendmachung eines weiteren Schadens Zinsen in H\u00f6he von 5 % \u00fcber dem jeweiligen Leitzinz der Europ\u00e4ischen Zentralbank ( EZB ) berechnet. Lieferung an uns unbekannte Firmen erfolgt nur gegen Voreinsendung des Rechnungsbetrages oder unter Nachnahme. Sonderwaren werden an solche Firmen nur gegen entsprechende Anzahlung geliefert, wobei die Verrechnung der Anzahlung bei der Restlieferung erfolgt. Verschlechterung der Zahlungsf\u00e4higkeit des Bestellers oder die Nichteinhaltung der vereinbarten Zahlungsbedingungen berechtigen uns zu deren Ab\u00e4nderung. Bei Zahlungseinstellung oder Konkurs des Bestellers ist die Kaufpreisforderung sofort f\u00e4llig. Die Zur\u00fcckhaltung von Zahlungen oder die Aufrechnung wegen etwaiger vom Lieferer bestrittener Gegenanspr\u00fcche des Bestellers sind nicht statthaft.<\/p>\n<p>VII. Preise:<br \/>\nDie Preise verstehen sich je nach unserer Wahl ab Verkaufsraum oder Lieferwerk und schlie\u00dfen Verpackung, Fracht, Porto und Wertversicherung nicht ein. Das gleiche gilt bei Teillieferungen und Eilsendungen. Bei allgemeinen \u00c4nderungen der Produktionskosten bis zum Liefertag bleiben Preis\u00e4nderungen vorbehalten. Verpackungsmaterial wie Verschl\u00e4ge oder Kisten, werden zum Selbstkostenpreis berechnet und kann nur nach vorheriger Vereinbarung in gutem, gebrauchsf\u00e4higem Zustand bei entsprechender Verg\u00fctung zur\u00fcckgenommen werden. Die R\u00fccksendung hat dann gegebenenfalls frachtrei Verkaufsraum bzw. Lieferwerk zu erfolgen.<\/p>\n<p>VIII.<br \/>\nEigentumsvorbehalt: Die Lieferungen erfolgen unter Eigentumsvorbehalt gem\u00e4\u00df \u00a7 455 BGB. Die Ware bleibt bis zur vollst\u00e4ndigen Zahlung s\u00e4mtlicher aus der Gesch\u00e4ftsbeziehung stammender Forderungen, m\u00f6gen sie aus fr\u00fcherer oder sp\u00e4terer Lieferung sein, unser Eigentum. Laufende Wechsel gelten nicht als erfolgte Zahlung. Die Geltendmachung des Eigentumsvorbehalts sowie die Pf\u00e4ndungen des Liefergegenstandes durch uns gelten nicht als R\u00fccktritt vom Vertrag. \u00dcber Pf\u00e4ndung durch Dritte sind wir unverz\u00fcglich zu benachrichtigen.<\/p>\n<p>Der Besteller ist berechtigt, die Ware im Rahmen des ordnungsgem\u00e4\u00dfen Gesch\u00e4ftsbetriebes an Dritte weiterzuverkaufen. Die \u00dcbereignung der unter unserem Eigentumsvorbehalt stehenden Waren an Dritte erfolgt nur dann im Rahmen eines ordnungsgem\u00e4\u00dfen Gesch\u00e4ftsbetriebes, wenn sich der Kunde bis zur restlosen Zahlung seiner Anspr\u00fcche aus dem Kaufvertrag das Eigentum gem\u00e4\u00df \u00a7 455 BGB vorbeh\u00e4lt. Zur Sicherung aller unserer Anspr\u00fcche gegen den Besteller werden schon jetzt die Rechte und Anspr\u00fcche aus diesem Vorbehaltseigentum und aus dem Weiterverkauf an uns abgetreten. Die Abtretung dient der Sicherung unserer jeweils offen stehenden Forderungen. Wir sind jederzeit berechtigt, vom Besteller zu verlangen, dass er den Erl\u00f6s der unter unserem Eigentumsvorbehalt stehenden weiterverkauften Waren gesondert aufbewahrt und unverz\u00fcglich in H\u00f6he unserer Warenforderung an uns abf\u00fchrt. Wir sind berechtigt, bei Zahlungsverzug des Bestellers entweder den Liefergegenstand ohne Verzicht auf unsere Anspr\u00fcche bis zu deren Befriedigung wieder an uns zu nehmen oder vom Vertrag zur\u00fcckzutreten. Beim R\u00fccktritt hat der Besteller uns neben der Entsch\u00e4digung f\u00fcr entgangenen Gewinn, den erfolgten Aufwand und die Benutzung des Liefergegenstandes, auch jede unverschuldete Wertminderung zu ersetzen.<\/p>\n<p>IX.<br \/>\nF\u00fcr die vertraglichen Bestimmungen gilt Deutsches Recht. Die Verbindlichkeit vorstehender Lieferbedingungen wird durch die Unwirk- samkeit einzelner Punkte nicht ber\u00fchrt. Einkaufsbedingungen des Bestellers, die zu obigen Bedingungen in Widerspruch stehen, sind f\u00fcr uns unverbindlich, auch wenn sie der Bestellung zu Grunde gelegt werden und wir ihrem Inhalt nicht ausdr\u00fccklich widersprochen haben. Sp\u00e4testens mit der Annahme unserer Lieferung gelten unsere Lieferbedingungen als angenommen.<\/p>\n<h2><em><strong><span style=\"color: #ff0000;\">Widerrufsbelehrung:<\/span><\/strong><\/em><\/h2>\n<p>Sie haben das Recht, binnen vierzehn Tagen ohne Angabe von Gr\u00fcnden diesen Vertrag zu widerrufen. Die Widerrufsfrist betr\u00e4gt vierzehn Tage ab dem Tag,<br \/>\n&#8211; an dem Sie oder ein von Ihnen benannter Dritter, der nicht der Bef\u00f6rderer ist, die Waren in Besitz genommen haben bzw. hat, sofern Sie eine oder mehrere Waren im Rahmen einer einheitlichen Bestellung bestellt haben und diese einheitlich geliefert wird bzw. werden ;- an dem Sie oder ein von Ihnen benannter Dritter, der nicht der Bef\u00f6rderer ist, die letzte Ware in Besitz genommen haben bzw. hat, sofern Sie mehrere Waren im Rahmen einer einheitlichen Bestellung bestellt haben und diese getrennt geliefert werden ;- an dem Sie oder ein von Ihnen benannter Dritter, der nicht der Bef\u00f6rderer ist, die letzte Teilsendung oder das letzte St\u00fcck in Besitz genommen haben bzw. hat, sofern Sie eine Ware bestellt haben, die in mehreren Teilsendungen oder St\u00fccken geliefert wird ;<\/p>\n<p>Um Ihr Widerrufsrecht auszu\u00fcben, m\u00fcssen Sie uns <strong>T\u00f6nsfeldt Modellbau &#8211; Vertrieb Ihn. Olaf T\u00f6nsfeldt<\/strong> <strong>Wehrautal 7-11\u00a0 24768 Rendsburg, Tel. 04331-5195, Fax 04331-5126<\/strong> oder\u00a0<strong>tmv@toensfeldt-modellbau.de<\/strong><\/p>\n<p>mittels einer eindeutigen Erkl\u00e4rung (z.B. ein mit der Post versandter Brief oder E-Mail) \u00fcber Ihren Entschluss, diesen Vertrag zu widerrufen, informieren. Sie k\u00f6nnen daf\u00fcr das beigef\u00fcgte Muster-Widerrufsformular verwenden, das jedoch nicht vorgeschrieben ist.Zur Wahrung der Widerrufsfrist reicht es aus, dass Sie die Mitteilung \u00fcber die Aus\u00fcbung des Widerrufsrechts vor Ablauf der Widerrufsfrist absenden.<\/p>\n<p><em><strong><span style=\"color: #ff0000;\">Folgen des Widerrufs<\/span><\/strong><\/em><\/p>\n<p>Wenn Sie diesen Vertrag widerrufen, haben wir Ihnen alle Zahlungen, die wir von Ihnen erhalten haben, einschlie\u00dflich der Lieferkosten (mit Ausnahme der zus\u00e4tzlichen Kosten, die sich daraus ergeben, dass Sie eine andere Art der Lieferung als die von uns angebotene, g\u00fcnstigste Standardlieferung gew\u00e4hlt haben), unverz\u00fcglich und sp\u00e4testens binnen vierzehn Tagen ab dem Tag zur\u00fcckzuzahlen, an dem die Mitteilung \u00fcber Ihren Widerruf dieses Vertrags bei uns eingegangen ist. F\u00fcr diese R\u00fcckzahlung verwenden wir dasselbe Zahlungsmittel, das Sie bei der urspr\u00fcnglichen Transaktion eingesetzt haben, es sei denn, mit Ihnen wurde ausdr\u00fccklich etwas anderes vereinbart; in keinem Fall werden Ihnen wegen dieser R\u00fcckzahlung Entgelte berechnet.Wir k\u00f6nnen die R\u00fcckzahlung verweigern, bis wir die Waren wieder zur\u00fcckerhalten haben oder bis Sie den Nachweis erbracht haben, dass Sie die Waren zur\u00fcckgesandt haben, je nachdem, welches der fr\u00fchere Zeitpunkt ist.<\/p>\n<p>Sie haben die Waren unverz\u00fcglich und in jedem Fall sp\u00e4testens binnen vierzehn Tagen ab dem Tag, an dem Sie uns \u00fcber den Widerruf dieses Vertrags unterrichten, an uns zur\u00fcckzusenden oder zu \u00fcbergeben. Die Frist ist gewahrt, wenn Sie die Waren vor Ablauf der Frist von vierzehn Tagen \u00a0absenden.<\/p>\n<p>Sie tragen die unmittelbaren Kosten der R\u00fccksendung der Waren.<\/p>\n<p>Sie m\u00fcssen f\u00fcr einen etwaigen Wertverlust der Waren nur aufkommen, wenn dieser Wertverlust auf einen zur Pr\u00fcfung der Beschaffenheit, Eigenschaften und Funktionsweise der Waren nicht notwendigen Umgang mit ihnen zur\u00fcckzuf\u00fchren ist.<\/p>\n<p><em><strong><span style=\"color: #ff0000;\">Ausschluss- bzw. Erl\u00f6schensgr\u00fcnde<\/span><\/strong><\/em><\/p>\n<p>Das Widerrufsrecht besteht nicht bei Vertr\u00e4gen- zur Lieferung von Waren, die nicht vorgefertigt sind und f\u00fcr deren Herstellung eine individuelle Auswahl oder Bestimmung durch den Verbraucher ma\u00dfgeblich ist oder die eindeutig auf die pers\u00f6nlichen Bed\u00fcrfnisse des Verbrauchers zugeschnitten sind;<br \/>\n&#8211; zur Lieferung von Waren, die schnell verderben k\u00f6nnen oder deren Verfallsdatum schnell \u00fcberschritten w\u00fcrde;<br \/>\n&#8211; zur Lieferung alkoholischer Getr\u00e4nke, deren Preis bei Vertragsschluss vereinbart wurde, die aber fr\u00fchestens 30 Tage nach Vertragsschluss geliefert werden k\u00f6nnen und deren aktueller Wert von Schwankungen auf dem Markt abh\u00e4ngt, auf die der Unternehmer keinen Einfluss hat;<br \/>\n&#8211; zur Lieferung von Zeitungen, Zeitschriften oder Illustrierten mit Ausnahme von Abonnement-Vertr\u00e4gen.<\/p>\n<p>Das Widerrufsrecht erlischt vorzeitig bei Vertr\u00e4gen<\/p>\n<p>&#8211; zur Lieferung versiegelter Waren, die aus Gr\u00fcnden des Gesundheitsschutzes oder der Hygiene nicht zur R\u00fcckgabe geeignet sind, wenn ihre Versiegelung nach der Lieferung entfernt wurde;<br \/>\n&#8211; zur Lieferung von Waren, wenn diese nach der Lieferung aufgrund ihrer Beschaffenheit untrennbar mit anderen G\u00fctern vermischt wurden;<br \/>\n&#8211; zur Lieferung von Ton- oder Videoaufnahmen oder Computersoftware in einer versiegelten Packung, wenn die Versiegelung nach der Lieferung entfernt wurde.<\/p>\n<h2 align=\"center\"><em><strong><span style=\"color: #ff0000;\">Widerrufsformular<\/span><\/strong><\/em><\/h2>\n<p align=\"center\">Wenn Sie den Vertrag widerrufen wollen, Schreiben sie einen Brief oder Mail mit den Folgenden Daten und Inhalt.<\/p>\n<p>Empf\u00e4nger:<\/p>\n<p>T\u00f6nsfeldt Modellbau &#8211; Vertrieb<\/p>\n<p>Olaf T\u00f6nsfeldt<\/p>\n<p>Wehrautral 7-11<\/p>\n<p>24768 Rendsburg<\/p>\n<p>tmv@toensfeldt-modellbau.de<\/p>\n<p>Hiermit widerrufe ich den von mir abgeschlossenen Vertrag \u00fcber<\/p>\n<p>den Kauf der folgenden Waren:<\/p>\n<p>Gesamtpreis der Ware (Euro):<\/p>\n<p>Bestellt am (Datum):<\/p>\n<p>Erhalten am (Datum):<\/p>\n<p>Absender:<\/p>\n<p>Vorname Name<\/p>\n<p>Anschrift<\/p>\n<p><em><strong>Widerrufsformular als PDF Datei<br \/>\n<\/strong><\/em><\/p>\n<p><a href=\"http:\/\/toensfeldt-modellbau.de\/wp-content\/uploads\/2018\/05\/Wiederufsfomular.pdf\">Wiederufsfomular<\/a><\/p>\n","protected":false},"excerpt":{"rendered":"<p>Vertragssprache ist Deutsch I. Auftragsertellung: Ein Auftrag gilt erst als erteilt, wenn er von uns schriftlich best\u00e4tigt ist. Erg\u00e4nzungen, Ab\u00e4nderungen oder m\u00fcndliche Nebenabreden bed\u00fcrfen zu ihrer Wirksamkeit unserer schriftlichen Best\u00e4tigung. Einmal erteilte Auftr\u00e4ge sind unwiderruflich. Die in den Drucksachen enthaltenen &hellip; <a href=\"https:\/\/toensfeldt-modellbau.de\/?page_id=898\">Weiterlesen <span class=\"meta-nav\">&rarr;<\/span><\/a><\/p>\n","protected":false},"author":3,"featured_media":0,"parent":0,"menu_order":11,"comment_status":"closed","ping_status":"closed","template":"","meta":{"footnotes":""},"class_list":["post-898","page","type-page","status-publish","hentry"],"_links":{"self":[{"href":"https:\/\/toensfeldt-modellbau.de\/index.php?rest_route=\/wp\/v2\/pages\/898","targetHints":{"allow":["GET"]}}],"collection":[{"href":"https:\/\/toensfeldt-modellbau.de\/index.php?rest_route=\/wp\/v2\/pages"}],"about":[{"href":"https:\/\/toensfeldt-modellbau.de\/index.php?rest_route=\/wp\/v2\/types\/page"}],"author":[{"embeddable":true,"href":"https:\/\/toensfeldt-modellbau.de\/index.php?rest_route=\/wp\/v2\/users\/3"}],"replies":[{"embeddable":true,"href":"https:\/\/toensfeldt-modellbau.de\/index.php?rest_route=%2Fwp%2Fv2%2Fcomments&post=898"}],"version-history":[{"count":11,"href":"https:\/\/toensfeldt-modellbau.de\/index.php?rest_route=\/wp\/v2\/pages\/898\/revisions"}],"predecessor-version":[{"id":4750,"href":"https:\/\/toensfeldt-modellbau.de\/index.php?rest_route=\/wp\/v2\/pages\/898\/revisions\/4750"}],"wp:attachment":[{"href":"https:\/\/toensfeldt-modellbau.de\/index.php?rest_route=%2Fwp%2Fv2%2Fmedia&parent=898"}],"curies":[{"name":"wp","href":"https:\/\/api.w.org\/{rel}","templated":true}]}}