{"id":91,"date":"2013-11-21T13:44:54","date_gmt":"2013-11-21T11:44:54","guid":{"rendered":"http:\/\/toensfeldt-modellbau.de\/?page_id=91"},"modified":"2025-03-02T12:23:01","modified_gmt":"2025-03-02T10:23:01","slug":"anhaenger-auflieger","status":"publish","type":"page","link":"https:\/\/toensfeldt-modellbau.de\/?page_id=91","title":{"rendered":"Anh\u00e4nger &#038; Auflieger"},"content":{"rendered":"<p><img loading=\"lazy\" decoding=\"async\" class=\"size-full wp-image-85 alignleft\" src=\"http:\/\/toensfeldt-modellbau.de\/wp-content\/uploads\/2013\/11\/anhang_2achs_tmv_koffer5a-300x200.jpg\" alt=\"anhang_2achs_tmv_koffer5a-300x200\" width=\"300\" height=\"200\" \/><span style=\"color: #000000;\">Fahrgestelle f\u00fcr Anh\u00e4nger und Auflieger Ma\u00dfstab 1:16<strong><em><br \/>\n<\/em><\/strong><\/span><\/p>\n<p><strong><em><span style=\"color: #ff0000;\">Fahrgestell f\u00fcr 2-Achs-Anh\u00e4nger<\/span><\/em><\/strong><\/p>\n<ul>\n<li>Die Rahmen sind aus gelasertem Stahlblech 1,0 mm, zum U &#8211; Profil weiterverarbeitet und pulverbeschichtet, mit Anh\u00e4ngerdrehgestell komplett, Sto\u00dfstangenhalter und Sto\u00dfstange. Ohne Achsen und Zubeh\u00f6r ! ! ! Der Rahmen ist ausgelegt zur Aufnahme von WEDICO Federpaketen und Achsen.<\/li>\n<\/ul>\n<p><img loading=\"lazy\" decoding=\"async\" class=\"alignnone size-full wp-image-83\" src=\"http:\/\/toensfeldt-modellbau.de\/wp-content\/uploads\/2013\/11\/2achs_anhang_fahr-300x175.jpg\" alt=\"2achs_anhang_fahr-300x175\" width=\"300\" height=\"175\" \/><\/p>\n<p><b><span style=\"font-family: Arial,Helvetica,sans-serif; font-size: small;\">Technische Daten:<br \/>\n<\/span><\/b><\/p>\n<ul>\n<li>L\u00e4nge: ca. 435 mm<\/li>\n<li>Breite: ca. 60 mm<\/li>\n<\/ul>\n<p><em><strong><span style=\"color: #ff0000;\">AUSVERKAUF<\/span><\/strong><\/em><\/p>\n<p><strong><em><span style=\"color: #ff0000;\">Fahrgestell f\u00fcr 3-Achs-Anh\u00e4nger<\/span><\/em><\/strong><\/p>\n<p><img loading=\"lazy\" decoding=\"async\" class=\"alignnone size-full wp-image-86\" src=\"http:\/\/toensfeldt-modellbau.de\/wp-content\/uploads\/2013\/11\/anhangr_3achs_490tmv4-300x94.jpg\" alt=\"anhangr_3achs_490tmv4-300x94\" width=\"300\" height=\"94\" \/><\/p>\n<p>Technische Daten:<\/p>\n<ul>\n<li>L\u00e4nge: ca. 490 mm<\/li>\n<li>Breite: ca. 60 mm<\/li>\n<\/ul>\n<p><em><strong><span style=\"color: #ff0000;\">AUSVERKAUFT<\/span><\/strong><\/em><\/p>\n<p><strong><em><span style=\"color: #ff0000;\">Anh\u00e4ngerdrehgestell<\/span><\/em><\/strong><\/p>\n<p><img loading=\"lazy\" decoding=\"async\" class=\"size-full wp-image-87 alignleft\" src=\"http:\/\/toensfeldt-modellbau.de\/wp-content\/uploads\/2013\/11\/Anhd2-2-300x214.jpg\" alt=\"Anhd2-2-300x214\" width=\"300\" height=\"214\" \/><img loading=\"lazy\" decoding=\"async\" class=\"size-full wp-image-84 alignnone\" src=\"http:\/\/toensfeldt-modellbau.de\/wp-content\/uploads\/2013\/11\/AHDGTMV6.jpg\" alt=\"AHDGTMV6\" width=\"241\" height=\"142\" \/><\/p>\n<p>Technische Daten:<\/p>\n<ul>\n<li>L\u00e4nge: ca: 105 mm<\/li>\n<li>Breite : ca: 60 mm<\/li>\n<li>H\u00f6he : ca: 20 mm<\/li>\n<\/ul>\n<p>Art. Nr. \/ Bestelltext:<\/p>\n<ul>\n<li><span style=\"color: #ff0000;\">020088<\/span> Anh\u00e4ngerdrehgestell Wedico<\/li>\n<\/ul>\n<p><em><strong><span style=\"color: #ff0000;\">TMV 3-Achs-Auflieger Europa<\/span><\/strong><\/em><\/p>\n<p>Der Rahmen ist aus gelasertem Stahlblech 1,0 mm, zum U &#8211; Profil weiterverarbeitet und Pulverbeschichtet. Mit K\u00f6nigsdomaufnahme, Sto\u00dfstangenhalter, Sto\u00dfstange, Schraubensatz und Bauanleitung.<\/p>\n<p>Ohne Achsen, Kotfl\u00fcgel und Auflieger-Doppelst\u00fctze ! ! !<\/p>\n<p><img loading=\"lazy\" decoding=\"async\" class=\"alignnone size-full wp-image-88\" src=\"http:\/\/toensfeldt-modellbau.de\/wp-content\/uploads\/2013\/11\/AU3A3-2-300x100.jpg\" alt=\"AU3A3-2-300x100\" width=\"300\" height=\"100\" \/><br \/>\nTechnische Daten:<\/p>\n<ul>\n<li>L\u00e4nge: ca: 850 mm<\/li>\n<li>Breite: ca: 60 mm<\/li>\n<\/ul>\n<p>Art. Nr. Bestelltext :<\/p>\n<p><span style=\"color: #ff0000;\">020082<\/span> 3 Achs Auflieger, Schwarz, TMV<\/p>\n<p><em><strong><span style=\"color: #ff0000;\">TMV Dolly f\u00fcr Wedico Ma\u00dfstab<\/span><\/strong><\/em><\/p>\n<ul>\n<li>Der Rahmen ist aus gelaserten Stahlblech 1,0 mm, zum U &#8211; Profil weiterverarbeitet und Pulverbeschichtet. Mit Anh\u00e4ngergabel und Aunfnahmen f\u00fcr alte und neue Wedico Sattelpallte. Ohne Achsen und Sattelplatte! ! !<\/li>\n<\/ul>\n<p><img loading=\"lazy\" decoding=\"async\" class=\"alignnone size-full wp-image-90\" src=\"http:\/\/toensfeldt-modellbau.de\/wp-content\/uploads\/2013\/11\/TMV_Dolly_We3-300x146.jpg\" alt=\"TMV_Dolly_We3-300x146\" width=\"300\" height=\"146\" \/><\/p>\n<p>Technische Daten Wedico Dolly:<\/p>\n<ul>\n<li>L\u00e4nge: ca: 195 mm<\/li>\n<li>Breite: ca: 60 mm<\/li>\n<\/ul>\n<ul>\n<li><span style=\"color: #ff0000;\">020191<\/span> TMV Dolly Wedico, Natur<\/li>\n<li><span style=\"color: #ff0000;\">020192<\/span> TMV Dolly Wedico, Schwarz<\/li>\n<\/ul>\n<p><em><strong><span style=\"color: #ff0000;\">TMV Dolly f\u00fcr Tamiya Ma\u00dfstab<\/span><\/strong><\/em><\/p>\n<p><img loading=\"lazy\" decoding=\"async\" class=\"alignnone size-full wp-image-89\" src=\"http:\/\/toensfeldt-modellbau.de\/wp-content\/uploads\/2013\/11\/TMV_Dolly_Ta4-300x132.jpg\" alt=\"TMV_Dolly_Ta4-300x132\" width=\"300\" height=\"132\" \/><\/p>\n<p>Technische Daten Tamiya Dolly:<\/p>\n<ul>\n<li>L\u00e4nge: ca: 195 mm<\/li>\n<li>Breite: ca: 60 mm<\/li>\n<\/ul>\n<p>Art. Nr. : Bestelltext :<\/p>\n<ul>\n<li><span style=\"color: #ff0000;\">020185<\/span> TMV Dolly Taniya, Natur<\/li>\n<li><span style=\"color: #ff0000;\">020186<\/span> TMV Dolly Taniya, Schwarz<\/li>\n<\/ul>\n<p><span style=\"font-size: medium;\">Herstellerdaten gem\u00e4s GPSR<\/span><\/p>\n<p><span style=\"font-size: medium;\">Olaf T\u00f6nsfeldt<br \/>\nT\u00f6nsfeldt <span style=\"color: #000000;\">Modellbau Vertrieb<\/span><span style=\"color: #ff0000;\"><span style=\"font-family: Arial, Helvetica, sans-serif;\"><br \/>\n<\/span><\/span>Nobiskr\u00fcger Allee 20<span style=\"font-family: Arial, Helvetica, sans-serif;\"><br \/>\n<\/span>24768 Rendsburg<\/span><\/p>\n<p><strong><span style=\"font-size: medium;\">Deutschland<\/span><\/strong><span style=\"font-size: medium;\"><br \/>\nTel.: 0049 (0 ) 43 31\/ 51 95<br \/>\nE-Mail an: <a href=\"mailto:tmv@toensfeldt-modellbau.de\">tmv@toensfeldt-modellbau.de<\/a><\/span><\/p>\n","protected":false},"excerpt":{"rendered":"<p>Fahrgestelle f\u00fcr Anh\u00e4nger und Auflieger Ma\u00dfstab 1:16 Fahrgestell f\u00fcr 2-Achs-Anh\u00e4nger Die Rahmen sind aus gelasertem Stahlblech 1,0 mm, zum U &#8211; Profil weiterverarbeitet und pulverbeschichtet, mit Anh\u00e4ngerdrehgestell komplett, Sto\u00dfstangenhalter und Sto\u00dfstange. Ohne Achsen und Zubeh\u00f6r ! ! ! Der Rahmen &hellip; <a href=\"https:\/\/toensfeldt-modellbau.de\/?page_id=91\">Weiterlesen <span class=\"meta-nav\">&rarr;<\/span><\/a><\/p>\n","protected":false},"author":3,"featured_media":0,"parent":60,"menu_order":3,"comment_status":"closed","ping_status":"closed","template":"","meta":{"footnotes":""},"class_list":["post-91","page","type-page","status-publish","hentry"],"_links":{"self":[{"href":"https:\/\/toensfeldt-modellbau.de\/index.php?rest_route=\/wp\/v2\/pages\/91","targetHints":{"allow":["GET"]}}],"collection":[{"href":"https:\/\/toensfeldt-modellbau.de\/index.php?rest_route=\/wp\/v2\/pages"}],"about":[{"href":"https:\/\/toensfeldt-modellbau.de\/index.php?rest_route=\/wp\/v2\/types\/page"}],"author":[{"embeddable":true,"href":"https:\/\/toensfeldt-modellbau.de\/index.php?rest_route=\/wp\/v2\/users\/3"}],"replies":[{"embeddable":true,"href":"https:\/\/toensfeldt-modellbau.de\/index.php?rest_route=%2Fwp%2Fv2%2Fcomments&post=91"}],"version-history":[{"count":8,"href":"https:\/\/toensfeldt-modellbau.de\/index.php?rest_route=\/wp\/v2\/pages\/91\/revisions"}],"predecessor-version":[{"id":7553,"href":"https:\/\/toensfeldt-modellbau.de\/index.php?rest_route=\/wp\/v2\/pages\/91\/revisions\/7553"}],"up":[{"embeddable":true,"href":"https:\/\/toensfeldt-modellbau.de\/index.php?rest_route=\/wp\/v2\/pages\/60"}],"wp:attachment":[{"href":"https:\/\/toensfeldt-modellbau.de\/index.php?rest_route=%2Fwp%2Fv2%2Fmedia&parent=91"}],"curies":[{"name":"wp","href":"https:\/\/api.w.org\/{rel}","templated":true}]}}