{"id":934,"date":"2014-01-16T13:56:34","date_gmt":"2014-01-16T11:56:34","guid":{"rendered":"http:\/\/toensfeldt-modellbau.de\/?page_id=934"},"modified":"2021-12-01T19:12:17","modified_gmt":"2021-12-01T17:12:17","slug":"kontakt","status":"publish","type":"page","link":"https:\/\/toensfeldt-modellbau.de\/?page_id=934","title":{"rendered":"Kontakt"},"content":{"rendered":"<p><em><strong><span style=\"color: #ff0000;\">Auf Grund der Datenschutzgrundverordnug ( DSGVO ) haben wir den KONTAKT LINK entfernt.<\/span><\/strong><\/em><\/p>\n<ul>\n<li>Sie erreichen uns unter :<\/li>\n<\/ul>\n<ol>\n<li>E-Mail: tmv@toensfeldt-modellbau.de<\/li>\n<li>Telefon:\u00a0 0049 (0 ) 43 31\/ 51 95 mit AB<\/li>\n<\/ol>\n<ul>\n<li>Wir freuen uns auf Ihre Nachricht, Ihr<br \/>\nT\u00f6nsfeldt Modellbau-Vertrieb<\/li>\n<\/ul>\n<p>Absofort brauchen wir von jedem Kunden, ob Neu oder Stamm, die Unterschriebene Einwilligungserkl\u00e4rung zur Datennuntzung. Sie k\u00f6nnen die Einwilligungserkl\u00e4rung zur Datennuntzung ausdrucken und dann per Post, E-Mail bitte als PDF Datei an uns Schicken.<\/p>\n<p>Einwilligungserkl\u00e4rung zur Datennuntzung als PDF Datei:<a href=\"http:\/\/toensfeldt-modellbau.de\/wp-content\/uploads\/2021\/07\/Einwilligungserklae.2-2018.pdf\">Einwilligungserkl\u00e4.2-2018<\/a><\/p>\n","protected":false},"excerpt":{"rendered":"<p>Auf Grund der Datenschutzgrundverordnug ( DSGVO ) haben wir den KONTAKT LINK entfernt. Sie erreichen uns unter : E-Mail: tmv@toensfeldt-modellbau.de Telefon:\u00a0 0049 (0 ) 43 31\/ 51 95 mit AB Wir freuen uns auf Ihre Nachricht, Ihr T\u00f6nsfeldt Modellbau-Vertrieb Absofort &hellip; <a href=\"https:\/\/toensfeldt-modellbau.de\/?page_id=934\">Weiterlesen <span class=\"meta-nav\">&rarr;<\/span><\/a><\/p>\n","protected":false},"author":3,"featured_media":0,"parent":0,"menu_order":12,"comment_status":"closed","ping_status":"closed","template":"","meta":{"footnotes":""},"class_list":["post-934","page","type-page","status-publish","hentry"],"_links":{"self":[{"href":"https:\/\/toensfeldt-modellbau.de\/index.php?rest_route=\/wp\/v2\/pages\/934","targetHints":{"allow":["GET"]}}],"collection":[{"href":"https:\/\/toensfeldt-modellbau.de\/index.php?rest_route=\/wp\/v2\/pages"}],"about":[{"href":"https:\/\/toensfeldt-modellbau.de\/index.php?rest_route=\/wp\/v2\/types\/page"}],"author":[{"embeddable":true,"href":"https:\/\/toensfeldt-modellbau.de\/index.php?rest_route=\/wp\/v2\/users\/3"}],"replies":[{"embeddable":true,"href":"https:\/\/toensfeldt-modellbau.de\/index.php?rest_route=%2Fwp%2Fv2%2Fcomments&post=934"}],"version-history":[{"count":24,"href":"https:\/\/toensfeldt-modellbau.de\/index.php?rest_route=\/wp\/v2\/pages\/934\/revisions"}],"predecessor-version":[{"id":5771,"href":"https:\/\/toensfeldt-modellbau.de\/index.php?rest_route=\/wp\/v2\/pages\/934\/revisions\/5771"}],"wp:attachment":[{"href":"https:\/\/toensfeldt-modellbau.de\/index.php?rest_route=%2Fwp%2Fv2%2Fmedia&parent=934"}],"curies":[{"name":"wp","href":"https:\/\/api.w.org\/{rel}","templated":true}]}}