{"id":987,"date":"2014-08-31T14:32:45","date_gmt":"2014-08-31T12:32:45","guid":{"rendered":"http:\/\/toensfeldt-modellbau.de\/?page_id=987"},"modified":"2025-03-02T12:11:02","modified_gmt":"2025-03-02T10:11:02","slug":"feuerloescher-114-116","status":"publish","type":"page","link":"https:\/\/toensfeldt-modellbau.de\/?page_id=987","title":{"rendered":"Feuerl\u00f6scher 1:14"},"content":{"rendered":"<p><img loading=\"lazy\" decoding=\"async\" class=\"alignnone size-full wp-image-6436\" src=\"http:\/\/toensfeldt-modellbau.de\/wp-content\/uploads\/2022\/01\/8-Laescher-DE-Gruppe.jpg\" alt=\"\" width=\"567\" height=\"278\" srcset=\"https:\/\/toensfeldt-modellbau.de\/wp-content\/uploads\/2022\/01\/8-Laescher-DE-Gruppe.jpg 567w, https:\/\/toensfeldt-modellbau.de\/wp-content\/uploads\/2022\/01\/8-Laescher-DE-Gruppe-300x147.jpg 300w\" sizes=\"auto, (max-width: 567px) 100vw, 567px\" \/><\/p>\n<p>TMV Feuerl\u00f6scher Nachbauten im Ma\u00dfstab 1:14 mit unterschiedlichen L\u00f6schmitteln: Pulver Brandklassen <span style=\"color: #ff0000;\">ABC<\/span> wei\u00dfer Rand, Schaum Brandklassen <span style=\"color: #ff0000;\">AB<\/span> Gelber Rand und Wasser Brandklasse <span style=\"color: #ff0000;\">A<\/span> Blauer Rand. 2.Griffen, Ovaler oder Langer Griff und die Bedienugsanleitungen auf den Feuerl\u00f6schern in 5. Sprachen nur beim TMV Feuerl\u00f6scher Pulver. Gr\u00f6\u00dfe im Orginal 6 KG bei Pulver und 6 L bei Schaum und Wasser.<\/p>\n<p>F\u00fcr EU-Trucks und Australische Road Trains bieten wir TMV Feuerl\u00f6scher 6 KG Pulver mit Schwarzer Beschriftung in Englisch auf Blanken oder Gelben Druckk\u00f6peren f\u00fcr sie an.<\/p>\n<p>Wir bieten\u00a0 TMV Feuerl\u00f6scher 6 KG Pulver mit Schwarzer Beschriftung in Englisch so wie mit den Amerikanischen L\u00f6schgruppenzeichen ABC auf Blanken oder Gelben Druckk\u00f6peren f\u00fcr US-Trucks an.<\/p>\n<p><em><strong><span style=\"color: #ff0000;\">TMV\u00a0 Feuerl\u00f6scher Pulver 1:14 Griff Oval<br \/>\n<\/span><\/strong><\/em><\/p>\n<ul>\n<li>Nachbau eines 6 Kg Pulver ABC Feuerl\u00f6scher mit Ovalen Griff.<\/li>\n<li>Druckk\u00f6per aus Alu Gedreht in Blank oder Rot und Gelb Pulverbeschichtet. Griff Oval, Ventil mit Schlauch und D\u00fcse, Bodenteller und einer Sichrungslasche aus Kunststoff. 2. Verschiedene Wasserschiebefolien f\u00fcr die Beschrieftung, 1. Bedienungsanleitung so wie den Instandhaltungsnachweis und eine Bauanleitung. Die\u00a0Bedienungsanleitung auf dem Feuerl\u00f6scher ist sowohl in Deutsch, Franz\u00f6sisch, Englisch, Holl\u00e4ndisch und D\u00e4nisch zu haben.<\/li>\n<\/ul>\n<p><img loading=\"lazy\" decoding=\"async\" class=\"size-full wp-image-1327 alignnone\" src=\"http:\/\/toensfeldt-modellbau.de\/wp-content\/uploads\/2015\/09\/1-14-Griff-Oval-DE1.jpg\" alt=\"1-14 Griff Oval DE1\" width=\"202\" height=\"312\" srcset=\"https:\/\/toensfeldt-modellbau.de\/wp-content\/uploads\/2015\/09\/1-14-Griff-Oval-DE1.jpg 202w, https:\/\/toensfeldt-modellbau.de\/wp-content\/uploads\/2015\/09\/1-14-Griff-Oval-DE1-194x300.jpg 194w\" sizes=\"auto, (max-width: 202px) 100vw, 202px\" \/><\/p>\n<p>Technische Daten Ovaler Griff:<\/p>\n<ul>\n<li>H\u00f6he: ca. 37,0 mm<\/li>\n<li>Breite Gesamt: ca. 19,0 mm<\/li>\n<li>\u00d8 Druckk\u00f6rper: ca. 11,0 mm<\/li>\n<\/ul>\n<p>Art. Nr. Bestelltext Fertig:<\/p>\n<ul>\n<li><span style=\"color: #ff0000;\">090124<\/span> TMV Pulver Feuerl\u00f6scher 1:14 Griff Oval Fertig DE<\/li>\n<li><span style=\"color: #ff0000;\">090128<\/span> TMV Pulver Feuerl\u00f6scher 1:14 Griff Oval Fertig DE f\u00fcr Box Auflieger<\/li>\n<li><span style=\"color: #ff0000;\">090214<\/span> TMV Pulver Feuerl\u00f6scher 1:14 Griff Oval Fertig F<\/li>\n<li><span style=\"color: #ff0000;\">090262<\/span> TMV Pulver Feuerl\u00f6scher 1:14 Griff Oval Fertig NL<\/li>\n<li><span style=\"color: #ff0000;\">090272<\/span> TMV Pulver Feuerl\u00f6scher 1:14 Griff Oval Fertig DK<\/li>\n<\/ul>\n<p><a href=\"http:\/\/toensfeldt-modellbau.de\/wp-content\/uploads\/2016\/01\/1-16-Griff-Oval-Blank-GB1Int.jpg\"><img loading=\"lazy\" decoding=\"async\" class=\"size-full wp-image-1399 aligncenter\" src=\"http:\/\/toensfeldt-modellbau.de\/wp-content\/uploads\/2016\/01\/1-16-Griff-Oval-Blank-GB1Int.jpg\" alt=\"\" width=\"202\" height=\"283\" \/><\/a><\/p>\n<ul>\n<li><span style=\"color: #ff0000;\">090300<\/span> TMV Pulver Feuerl\u00f6scher 1:14 Griff Oval Rot Fertig GB<\/li>\n<li><span style=\"color: #ff0000;\">090233<\/span> TMV Pulver Feuerl\u00f6scher 1:14 Griff Oval Blank Fertig. GB<\/li>\n<li><span style=\"color: #ff0000;\">090237<\/span> TMV Pulver Feuerl\u00f6scher 1:14 Griff Oval Gelb Fertig. GB<\/li>\n<\/ul>\n<p><a href=\"http:\/\/toensfeldt-modellbau.de\/wp-content\/uploads\/2016\/01\/1-16OvalGriffGelbUSInt.jpg\"><img loading=\"lazy\" decoding=\"async\" class=\"size-full wp-image-1400 aligncenter\" src=\"http:\/\/toensfeldt-modellbau.de\/wp-content\/uploads\/2016\/01\/1-16OvalGriffGelbUSInt.jpg\" alt=\"\" width=\"183\" height=\"283\" \/><\/a><\/p>\n<ul>\n<li><span style=\"color: #ff0000;\">090125<\/span> TMV Pulver Feuerl\u00f6scher 1:14 Griff Oval Rot Fertig US<\/li>\n<li><span style=\"color: #ff0000;\">090283<\/span> TMV Pulver Feuerl\u00f6scher 1:14 Griff Oval Blank Fertig. US<\/li>\n<li><span style=\"color: #ff0000;\">090293<\/span> TMV Pulver Feuerl\u00f6scher 1:14 Griff Oval Gelb Fertig. US<\/li>\n<\/ul>\n<p><em><strong><span style=\"color: #ff0000;\">TMV\u00a0 Feuerl\u00f6scher Pulver 1:14 Griff Lang<\/span><\/strong><\/em><\/p>\n<ul>\n<li>Nachbau eines 6 Kg Pulver ABC Feuerl\u00f6scher mit Langen Griff.<\/li>\n<\/ul>\n<ul>\n<li>Druckk\u00f6per aus Alu Gedreht in Blank oder Rot und Gelb Pulverbeschichtet. Griff Lang, Ventil mit Schlauch und D\u00fcse, Bodenteller und einer Sichrungslasche aus Kunststoff. 2. Verschiedene Wasserschiebefolien f\u00fcr die Beschrieftung, 1. Bedienungsanleitung so wie den Instandhaltungsnachweis und eine Bauanleitung. Die\u00a0Bedienungsanleitung auf dem Feuerl\u00f6schers ist sowohl in Deutsch,\u00a0Englisch als auch in Franz\u00f6sisch und Holl\u00e4ndisch zu haben.<\/li>\n<\/ul>\n<p><em><strong><span style=\"color: #ff0000;\">Absofort sind keine Baus\u00e4tze der Feuerl\u00f6scher mehr zu haben !<\/span><\/strong><\/em><\/p>\n<p><img loading=\"lazy\" decoding=\"async\" class=\"size-full wp-image-1330 aligncenter\" src=\"http:\/\/toensfeldt-modellbau.de\/wp-content\/uploads\/2015\/09\/1-14-Grlff-Lang-DE-1.jpg\" alt=\"1-14 Grlff Lang DE 1\" width=\"204\" height=\"312\" srcset=\"https:\/\/toensfeldt-modellbau.de\/wp-content\/uploads\/2015\/09\/1-14-Grlff-Lang-DE-1.jpg 204w, https:\/\/toensfeldt-modellbau.de\/wp-content\/uploads\/2015\/09\/1-14-Grlff-Lang-DE-1-196x300.jpg 196w\" sizes=\"auto, (max-width: 204px) 100vw, 204px\" \/><\/p>\n<p>Technische Daten Langer Griff:<\/p>\n<ul>\n<li>H\u00f6he: ca. 37,0 mm<\/li>\n<li>Breite Gesamt: ca. 24,0 mm<\/li>\n<li>\u00d8 Druckk\u00f6rper: ca. 11,0 mm<\/li>\n<\/ul>\n<p>Art. Nr. Bestelltext Fertig:<\/p>\n<ul>\n<li><span style=\"color: #ff0000;\">090126<\/span> TMV Pulver Feuerl\u00f6scher 1:14 Griff Lang Fertig DE<\/li>\n<li><span style=\"color: #ff0000;\">090216<\/span> TMV Pulver Feuerl\u00f6scher 1:14 Griff Lang Fertig F<\/li>\n<li><span style=\"color: #ff0000;\">090263<\/span> TMV Pulver Feuerl\u00f6scher 1:14 Griff Lang Fertig NL<\/li>\n<li><span style=\"color: #ff0000;\">090273<\/span> TMV Pulver Feuerl\u00f6scher 1:14 Griff Lang Fertig DK<\/li>\n<\/ul>\n<p><a href=\"http:\/\/toensfeldt-modellbau.de\/wp-content\/uploads\/2015\/09\/1-14-Grlff-Lang-DE-1.jpg\"><img loading=\"lazy\" decoding=\"async\" class=\"size-medium wp-image-1330 aligncenter\" src=\"http:\/\/toensfeldt-modellbau.de\/wp-content\/uploads\/2015\/09\/1-14-Grlff-Lang-DE-1-196x300.jpg\" alt=\"\" width=\"196\" height=\"300\" srcset=\"https:\/\/toensfeldt-modellbau.de\/wp-content\/uploads\/2015\/09\/1-14-Grlff-Lang-DE-1-196x300.jpg 196w, https:\/\/toensfeldt-modellbau.de\/wp-content\/uploads\/2015\/09\/1-14-Grlff-Lang-DE-1.jpg 204w\" sizes=\"auto, (max-width: 196px) 100vw, 196px\" \/><\/a><\/p>\n<ul>\n<li><span style=\"color: #ff0000;\">090127<\/span> TMV Pulver Feuerl\u00f6scher 1:14 Griff Lang Fertig GB<\/li>\n<li><span style=\"color: #ff0000;\">090233<\/span> TMV Pulver Feuerl\u00f6scher 1:14 Griff Lang Blank Fertig GB<\/li>\n<li><span style=\"color: #ff0000;\">090236<\/span> TMV Pulver Feuerl\u00f6scher 1:14 Griff Lang Gelb Fertig GB<\/li>\n<li><span style=\"color: #ff0000;\">090303<\/span> TMV Pulver Feuerl\u00f6scher 1:14 Griff Lang Fertig US<\/li>\n<li><span style=\"color: #ff0000;\">090283<\/span> TMV Pulver Feuerl\u00f6scher 1:14 Griff Lang Blank Fertig U<\/li>\n<li><span style=\"color: #ff0000;\">090292<\/span> TMV Pulver Feuerl\u00f6scher 1:14 Griff Lang Gelb Fertig US<\/li>\n<\/ul>\n<p><em><strong><span style=\"color: #ff0000;\">TMV\u00a0 Feuerl\u00f6scher Schaum 1:14 Griff Oval<\/span><\/strong><\/em><\/p>\n<ul>\n<li>Nachbau eines 6 l Schaum Feuerl\u00f6scher mit Ovalen Griff.<\/li>\n<\/ul>\n<ul>\n<li>Druckk\u00f6per aus Alu Gedreht und Rot Pulverbeschichtet. Griff Oval, Ventil mit Schlauch und D\u00fcse, Bodenteller aus Kunststoffund einer Sichrungslasche aus Kunststoff. 2. Verschiedene Wasserschiebefolien f\u00fcr die Beschrieftung, 1. Bedienungsanleitung so wie den Instandhaltungsnachweis und eine Bauanleitung.<\/li>\n<\/ul>\n<p><img loading=\"lazy\" decoding=\"async\" class=\"size-full wp-image-1328 aligncenter\" src=\"http:\/\/toensfeldt-modellbau.de\/wp-content\/uploads\/2015\/09\/1-14-Griff-Oval-Schaum-1.jpg\" alt=\"1-14 Griff Oval Schaum 1\" width=\"183\" height=\"312\" srcset=\"https:\/\/toensfeldt-modellbau.de\/wp-content\/uploads\/2015\/09\/1-14-Griff-Oval-Schaum-1.jpg 183w, https:\/\/toensfeldt-modellbau.de\/wp-content\/uploads\/2015\/09\/1-14-Griff-Oval-Schaum-1-176x300.jpg 176w\" sizes=\"auto, (max-width: 183px) 100vw, 183px\" \/><\/p>\n<p>Technische Daten Ovaler Griff:<\/p>\n<ul>\n<li>H\u00f6he: ca. 37,0 mm<\/li>\n<li>Breite Gesamt: ca. 19,0 mm<\/li>\n<li>\u00d8 Druckk\u00f6rper: ca. 11,0 mm<\/li>\n<\/ul>\n<p>Art. Nr. Bestelltext:<\/p>\n<ul>\n<li><span style=\"color: #ff0000;\">090174<\/span> TMV Schaum Feuerl\u00f6scher 1:14 Griff Oval Fertig DE<\/li>\n<\/ul>\n<p><em><strong><span style=\"color: #ff0000;\">TMV\u00a0 Feuerl\u00f6scher Schaum 1:14 Griff Lang<\/span><\/strong><\/em><\/p>\n<ul>\n<li>Nachbau eines 6 l Schaum Feuerl\u00f6scher mit Langen Griff.<\/li>\n<\/ul>\n<ul>\n<li>Druckk\u00f6per aus Alu Gedreht und Rot Pulverbeschichtet. Griff Lang, Ventil mit Schlauch und D\u00fcse, Bodenteller aus Kunststoff und einer Sichrungslasche aus Kunststoffg. 2. Verschiedene Wasserschiebefolien f\u00fcr die Beschrieftung, 1. Bedienungsanleitung so wie den Instandhaltungsnachweis und eine Bauanleitung.<\/li>\n<\/ul>\n<p><img loading=\"lazy\" decoding=\"async\" class=\"size-full wp-image-1331 aligncenter\" src=\"http:\/\/toensfeldt-modellbau.de\/wp-content\/uploads\/2015\/09\/1-14-Grlff-Lang-Schaum-1.jpg\" alt=\"1-14 Grlff Lang Schaum 1\" width=\"179\" height=\"312\" srcset=\"https:\/\/toensfeldt-modellbau.de\/wp-content\/uploads\/2015\/09\/1-14-Grlff-Lang-Schaum-1.jpg 179w, https:\/\/toensfeldt-modellbau.de\/wp-content\/uploads\/2015\/09\/1-14-Grlff-Lang-Schaum-1-172x300.jpg 172w\" sizes=\"auto, (max-width: 179px) 100vw, 179px\" \/><\/p>\n<p>Technische Daten Langer Griff:<\/p>\n<ul>\n<li>H\u00f6he: ca. 37,0 mm<\/li>\n<li>Breite Gesamt: ca. 24,0 mm<\/li>\n<li>\u00d8 Druckk\u00f6rper: ca. 11,0 mm<\/li>\n<\/ul>\n<p>Art. Nr. Bestelltext:<\/p>\n<ul>\n<li><span style=\"color: #ff0000;\">090176<\/span> TMV Schaum Feuerl\u00f6scher 1:14 Griff Lang Fertig DE<\/li>\n<\/ul>\n<p><em><strong><span style=\"color: #ff0000;\">TMV\u00a0 Feuerl\u00f6scher Wasser 1:14 Griff Oval<\/span><\/strong><\/em><\/p>\n<ul>\n<li>Nachbau eines 6 l Wasser Feuerl\u00f6scher mit Ovalen Griff.<\/li>\n<\/ul>\n<ul>\n<li>Druckk\u00f6per aus Alu Gedreht und Rot Pulverbeschichtet. Griff Oval, Ventil mit Schlauch und D\u00fcse, Bodenteller aus Kunststoff und einer Sichrungslasche aus Kunststoff. 2. Verschiedene Wasserschiebefolien f\u00fcr die Beschrieftung, 1. Bedienungsanleitung so wie den Instandhaltungsnachweis und eine Bauanleitung.<\/li>\n<\/ul>\n<p><img loading=\"lazy\" decoding=\"async\" class=\"size-full wp-image-1329 aligncenter\" src=\"http:\/\/toensfeldt-modellbau.de\/wp-content\/uploads\/2015\/09\/1-14-Griff-Oval-Wasser1.jpg\" alt=\"1-14 Griff Oval Wasser1\" width=\"162\" height=\"312\" srcset=\"https:\/\/toensfeldt-modellbau.de\/wp-content\/uploads\/2015\/09\/1-14-Griff-Oval-Wasser1.jpg 162w, https:\/\/toensfeldt-modellbau.de\/wp-content\/uploads\/2015\/09\/1-14-Griff-Oval-Wasser1-156x300.jpg 156w\" sizes=\"auto, (max-width: 162px) 100vw, 162px\" \/><\/p>\n<p>Technische Daten Ovaler Griff:<\/p>\n<ul>\n<li>H\u00f6he: ca. 37,0 mm<\/li>\n<li>Breite Gesamt: ca. 19,0 mm<\/li>\n<li>\u00d8 Druckk\u00f6rper: ca. 11,0 mm<\/li>\n<\/ul>\n<p>Art. Nr. Bestelltext:<\/p>\n<ul>\n<li><span style=\"color: #ff0000;\">090184<\/span> TMV Wasser Feuerl\u00f6scher 1:14 Griff Oval Fertig DE<\/li>\n<\/ul>\n<p><em><strong><span style=\"color: #ff0000;\">TMV\u00a0 Feuerl\u00f6scher Wasser 1:14 Griff Lang<\/span><\/strong><\/em><\/p>\n<ul>\n<li>Nachbau eines 6 l Wasser Feuerl\u00f6scher mit Langen Griff.<\/li>\n<\/ul>\n<ul>\n<li>Druckk\u00f6per aus Alu Gedreht und Rot Pulverbeschichtet. Griff Lang, Ventil mit Schlauch und D\u00fcse, Bodenteller aus Kunststoff und einer Sichrungslasche aus Kunststoff. 2. Verschiedene Wasserschiebefolien f\u00fcr die Beschrieftung, 1. Bedienungsanleitung so wie den Instandhaltungsnachweis und eine Bauanleitung.<\/li>\n<\/ul>\n<p><img loading=\"lazy\" decoding=\"async\" class=\"size-full wp-image-1329 aligncenter\" src=\"http:\/\/toensfeldt-modellbau.de\/wp-content\/uploads\/2015\/09\/1-14-Griff-Oval-Wasser1.jpg\" alt=\"1-14 Griff Oval Wasser1\" width=\"162\" height=\"312\" srcset=\"https:\/\/toensfeldt-modellbau.de\/wp-content\/uploads\/2015\/09\/1-14-Griff-Oval-Wasser1.jpg 162w, https:\/\/toensfeldt-modellbau.de\/wp-content\/uploads\/2015\/09\/1-14-Griff-Oval-Wasser1-156x300.jpg 156w\" sizes=\"auto, (max-width: 162px) 100vw, 162px\" \/><\/p>\n<p>Technische Daten Langer Griff:<\/p>\n<ul>\n<li>H\u00f6he: ca. 37,0 mm<\/li>\n<li>Breite Gesamt: ca. 24,0 mm<\/li>\n<li>\u00d8 Druckk\u00f6rper: ca. 11,0 mm<\/li>\n<\/ul>\n<p>Art. Nr. Bestelltext:<\/p>\n<ul>\n<li><span style=\"color: #ff0000;\">090186<\/span> TMV Wasser Feuerl\u00f6scher 1:14 Griff Lang Fertig DE<\/li>\n<\/ul>\n<p><em><strong><span style=\"color: #ff0000;\">Nachbau eines 5 KG CO2\u00a0 Feuerl\u00f6scher.<\/span><\/strong><\/em><\/p>\n<ul>\n<li>Druckk\u00f6per aus Alu Gedreht in Blank, Rot oder Gelb Pulverbeschichtet. 2. Verschiedene Wasserschiebefolien f\u00fcr die Beschrieftung, 1. Bedienungsanleitung so wie den Instandhaltungsnachweis und eine Bauanleitung. Die Bedienungsanleitung auf dem Feuerl\u00f6schers in Deutsch<\/li>\n<\/ul>\n<p><img loading=\"lazy\" decoding=\"async\" class=\"size-full wp-image-1669 aligncenter\" src=\"http:\/\/toensfeldt-modellbau.de\/wp-content\/uploads\/2017\/02\/TMV_CO2K_1-14_DE_R1St2Int.jpg\" alt=\"TMV_CO2K_1-14_DE_R1St2Int\" width=\"130\" height=\"283\" \/><\/p>\n<p>Technische Daten:<\/p>\n<ul>\n<li>H\u00f6he: ca. 34,0 mm<\/li>\n<li>Breite Gesamt: ca. 15,0 mm<\/li>\n<li>\u00d8 Druckk\u00f6rper: ca. 11,0 mm<\/li>\n<\/ul>\n<p>Art. Nr. Bestelltext:<\/p>\n<ul>\n<li><span style=\"color: #ff0000;\">090319<\/span> TMV CO2 Feuerl\u00f6scher Kurz 1:14 Fertig Rot DE<\/li>\n<\/ul>\n<p><em><strong><span style=\"color: #ff0000;\">TMV\u00a0 Feuerl\u00f6scher CO2 2 KG Kurz 1:14<\/span><\/strong><\/em><\/p>\n<p><img loading=\"lazy\" decoding=\"async\" class=\"size-full wp-image-2878 aligncenter\" src=\"http:\/\/toensfeldt-modellbau.de\/wp-content\/uploads\/2018\/01\/1-14_CO2_2kgB1Int.jpg\" alt=\"\" width=\"248\" height=\"425\" srcset=\"https:\/\/toensfeldt-modellbau.de\/wp-content\/uploads\/2018\/01\/1-14_CO2_2kgB1Int.jpg 248w, https:\/\/toensfeldt-modellbau.de\/wp-content\/uploads\/2018\/01\/1-14_CO2_2kgB1Int-175x300.jpg 175w\" sizes=\"auto, (max-width: 248px) 100vw, 248px\" \/><\/p>\n<ul>\n<li>Nachbau eines 2 KG CO2\u00a0 Feuerl\u00f6scher.<\/li>\n<\/ul>\n<ul>\n<li>Druckk\u00f6per aus Alu Gedreht in Rot pulverbeschichtet. 2. Verschiedene Wasserschiebefolien f\u00fcr die Beschrieftung, 1. Bedienungsanleitung so wie den Instandhaltungsnachweis. Die\u00a0Bedienungsanleitung auf dem Feuerl\u00f6schers ist in Deutsch.<\/li>\n<\/ul>\n<p>Art. Nr. Bestelltext:<\/p>\n<ul>\n<li><span style=\"color: #ff0000;\">090344<\/span> TMV CO2 Feuerl\u00f6scher Kurz 1:14 Fertig Rot 2KG DE<\/li>\n<\/ul>\n<p>Preis ab: 12,50 \u20ac<\/p>\n<p><span style=\"font-size: medium;\">Herstellerdaten gem\u00e4s GPSR<\/span><\/p>\n<p><span style=\"font-size: medium;\">Olaf T\u00f6nsfeldt<br \/>\nT\u00f6nsfeldt <span style=\"color: #000000;\">Modellbau Vertrieb<\/span><span style=\"color: #ff0000;\"><span style=\"font-family: Arial, Helvetica, sans-serif;\"><br \/>\n<\/span><\/span>Nobiskr\u00fcger Allee 20<span style=\"font-family: Arial, Helvetica, sans-serif;\"><br \/>\n<\/span>24768 Rendsburg<\/span><\/p>\n<p><strong><span style=\"font-size: medium;\">Deutschland<\/span><\/strong><span style=\"font-size: medium;\"><br \/>\nTel.: 0049 (0 ) 43 31\/ 51 95<br \/>\nE-Mail an: tmv@toensfeldt-modellbau.de<\/span><\/p>\n","protected":false},"excerpt":{"rendered":"<p>TMV Feuerl\u00f6scher Nachbauten im Ma\u00dfstab 1:14 mit unterschiedlichen L\u00f6schmitteln: Pulver Brandklassen ABC wei\u00dfer Rand, Schaum Brandklassen AB Gelber Rand und Wasser Brandklasse A Blauer Rand. 2.Griffen, Ovaler oder Langer Griff und die Bedienugsanleitungen auf den Feuerl\u00f6schern in 5. Sprachen nur &hellip; <a href=\"https:\/\/toensfeldt-modellbau.de\/?page_id=987\">Weiterlesen <span class=\"meta-nav\">&rarr;<\/span><\/a><\/p>\n","protected":false},"author":2,"featured_media":0,"parent":581,"menu_order":0,"comment_status":"closed","ping_status":"closed","template":"","meta":{"footnotes":""},"class_list":["post-987","page","type-page","status-publish","hentry"],"_links":{"self":[{"href":"https:\/\/toensfeldt-modellbau.de\/index.php?rest_route=\/wp\/v2\/pages\/987","targetHints":{"allow":["GET"]}}],"collection":[{"href":"https:\/\/toensfeldt-modellbau.de\/index.php?rest_route=\/wp\/v2\/pages"}],"about":[{"href":"https:\/\/toensfeldt-modellbau.de\/index.php?rest_route=\/wp\/v2\/types\/page"}],"author":[{"embeddable":true,"href":"https:\/\/toensfeldt-modellbau.de\/index.php?rest_route=\/wp\/v2\/users\/2"}],"replies":[{"embeddable":true,"href":"https:\/\/toensfeldt-modellbau.de\/index.php?rest_route=%2Fwp%2Fv2%2Fcomments&post=987"}],"version-history":[{"count":74,"href":"https:\/\/toensfeldt-modellbau.de\/index.php?rest_route=\/wp\/v2\/pages\/987\/revisions"}],"predecessor-version":[{"id":7539,"href":"https:\/\/toensfeldt-modellbau.de\/index.php?rest_route=\/wp\/v2\/pages\/987\/revisions\/7539"}],"up":[{"embeddable":true,"href":"https:\/\/toensfeldt-modellbau.de\/index.php?rest_route=\/wp\/v2\/pages\/581"}],"wp:attachment":[{"href":"https:\/\/toensfeldt-modellbau.de\/index.php?rest_route=%2Fwp%2Fv2%2Fmedia&parent=987"}],"curies":[{"name":"wp","href":"https:\/\/api.w.org\/{rel}","templated":true}]}}